{"id":59859,"date":"2024-07-26T19:45:48","date_gmt":"2024-07-26T19:45:48","guid":{"rendered":"https:\/\/www.sanasanaclinic.com\/quienes-somos\/"},"modified":"2025-04-08T23:41:05","modified_gmt":"2025-04-08T23:41:05","slug":"sobre-nosotros","status":"publish","type":"page","link":"https:\/\/www.sanasanaclinic.com\/es\/sobre-nosotros\/","title":{"rendered":"Sobre Nosotros"},"content":{"rendered":"\t\t<div data-elementor-type=\"wp-page\" data-elementor-id=\"59859\" class=\"elementor elementor-59859 elementor-44879\">\n\t\t\t\t\t\t<section class=\"elementor-section elementor-top-section elementor-element elementor-element-2f9883b elementor-section-boxed elementor-section-height-default elementor-section-height-default sc_fly_static\" data-id=\"2f9883b\" data-element_type=\"section\" data-e-type=\"section\">\n\t\t\t\t\t\t<div class=\"elementor-container elementor-column-gap-extended\">\n\t\t\t\t\t<div class=\"elementor-column elementor-col-100 elementor-top-column elementor-element elementor-element-a9f0329 sc_content_align_inherit sc_layouts_column_icons_position_left sc_fly_static\" data-id=\"a9f0329\" data-element_type=\"column\" data-e-type=\"column\">\n\t\t\t<div class=\"elementor-widget-wrap elementor-element-populated\">\n\t\t\t\t\t\t<div class=\"elementor-element elementor-element-8fd2141 sc_fly_static elementor-widget elementor-widget-spacer\" data-id=\"8fd2141\" data-element_type=\"widget\" data-e-type=\"widget\" data-widget_type=\"spacer.default\">\n\t\t\t\t<div class=\"elementor-widget-container\">\n\t\t\t\t\t\t\t<div class=\"elementor-spacer\">\n\t\t\t<div class=\"elementor-spacer-inner\"><\/div>\n\t\t<\/div>\n\t\t\t\t\t\t<\/div>\n\t\t\t\t<\/div>\n\t\t\t\t\t<\/div>\n\t\t<\/div>\n\t\t\t\t\t<\/div>\n\t\t<\/section>\n\t\t\t\t<section class=\"elementor-section elementor-top-section elementor-element elementor-element-134dd7ad elementor-section-content-top elementor-section-boxed elementor-section-height-default elementor-section-height-default sc_fly_static\" data-id=\"134dd7ad\" data-element_type=\"section\" data-e-type=\"section\">\n\t\t\t\t\t\t<div class=\"elementor-container elementor-column-gap-default\">\n\t\t\t\t\t<div class=\"elementor-column elementor-col-50 elementor-top-column elementor-element elementor-element-14b484c9 sc_content_align_inherit sc_layouts_column_icons_position_left sc_fly_static\" data-id=\"14b484c9\" data-element_type=\"column\" data-e-type=\"column\">\n\t\t\t<div class=\"elementor-widget-wrap elementor-element-populated\">\n\t\t\t\t\t\t<div class=\"elementor-element elementor-element-41c98475 no-title sc_fly_static elementor-widget elementor-widget-image\" data-id=\"41c98475\" data-element_type=\"widget\" data-e-type=\"widget\" data-widget_type=\"image.default\">\n\t\t\t\t<div class=\"elementor-widget-container\">\n\t\t\t\t\t\t\t\t\t\t\t\t\t\t\t<img fetchpriority=\"high\" decoding=\"async\" width=\"1305\" height=\"1957\" src=\"https:\/\/www.sanasanaclinic.com\/wp-content\/uploads\/2025\/01\/David-Rosales.jpg\" class=\"attachment-full size-full wp-image-59823\" alt=\"\" srcset=\"https:\/\/www.sanasanaclinic.com\/wp-content\/uploads\/2025\/01\/David-Rosales.jpg 1305w, https:\/\/www.sanasanaclinic.com\/wp-content\/uploads\/2025\/01\/David-Rosales-600x900.jpg 600w, https:\/\/www.sanasanaclinic.com\/wp-content\/uploads\/2025\/01\/David-Rosales-200x300.jpg 200w, https:\/\/www.sanasanaclinic.com\/wp-content\/uploads\/2025\/01\/David-Rosales-683x1024.jpg 683w, https:\/\/www.sanasanaclinic.com\/wp-content\/uploads\/2025\/01\/David-Rosales-768x1152.jpg 768w, https:\/\/www.sanasanaclinic.com\/wp-content\/uploads\/2025\/01\/David-Rosales-1024x1536.jpg 1024w, https:\/\/www.sanasanaclinic.com\/wp-content\/uploads\/2025\/01\/David-Rosales-370x555.jpg 370w, https:\/\/www.sanasanaclinic.com\/wp-content\/uploads\/2025\/01\/David-Rosales-840x1260.jpg 840w, https:\/\/www.sanasanaclinic.com\/wp-content\/uploads\/2025\/01\/David-Rosales-410x615.jpg 410w\" sizes=\"(max-width: 1305px) 100vw, 1305px\" \/>\t\t\t\t\t\t\t\t\t\t\t\t\t\t\t<\/div>\n\t\t\t\t<\/div>\n\t\t\t\t\t<\/div>\n\t\t<\/div>\n\t\t\t\t<div class=\"elementor-column elementor-col-50 elementor-top-column elementor-element elementor-element-47785a24 sc_content_align_inherit sc_layouts_column_icons_position_left sc_fly_static\" data-id=\"47785a24\" data-element_type=\"column\" data-e-type=\"column\">\n\t\t\t<div class=\"elementor-widget-wrap elementor-element-populated\">\n\t\t\t\t\t\t<div class=\"elementor-element elementor-element-560239cd sc_fly_static elementor-widget elementor-widget-trx_sc_title\" data-id=\"560239cd\" data-element_type=\"widget\" data-e-type=\"widget\" data-widget_type=\"trx_sc_title.default\">\n\t\t\t\t<div class=\"elementor-widget-container\">\n\t\t\t\t\t<div\t\tclass=\"sc_title sc_title_default\" ><span class=\"sc_item_subtitle sc_title_subtitle sc_item_subtitle_above sc_item_title_style_default\">Sobre Nosotros<\/span><h1 class=\"sc_item_title sc_title_title sc_item_title_style_default sc_item_title_tag\"\n\t\t\t><span class=\"sc_item_title_text\">Sana Sana Clinic<\/span><\/h1><\/div>\t\t\t\t<\/div>\n\t\t\t\t<\/div>\n\t\t\t\t<div class=\"elementor-element elementor-element-7076506e sc_fly_static elementor-widget elementor-widget-spacer\" data-id=\"7076506e\" data-element_type=\"widget\" data-e-type=\"widget\" data-widget_type=\"spacer.default\">\n\t\t\t\t<div class=\"elementor-widget-container\">\n\t\t\t\t\t\t\t<div class=\"elementor-spacer\">\n\t\t\t<div class=\"elementor-spacer-inner\"><\/div>\n\t\t<\/div>\n\t\t\t\t\t\t<\/div>\n\t\t\t\t<\/div>\n\t\t\t\t<div class=\"elementor-element elementor-element-6e38676 sc_fly_static elementor-widget elementor-widget-text-editor\" data-id=\"6e38676\" data-element_type=\"widget\" data-e-type=\"widget\" data-widget_type=\"text-editor.default\">\n\t\t\t\t<div class=\"elementor-widget-container\">\n\t\t\t\t\t\t\t\t\t<p>El Dr. Bryan Pardo, m\u00e9dico de familia, cubanoamericano y nativo de Miami, est\u00e1 cumpliendo su sue\u00f1o de abrir Sana Sana Clinic. Despu\u00e9s de graduarse de Belen Jesuit y la Universidad de Miami, obtuvo su t\u00edtulo de m\u00e9dico en la Facultad de Medicina de la Universidad de Boston. Luego regres\u00f3 a Miami para completar su residencia en Medicina Familiar en el sistema del Hospital Jackson Memorial \/ Universidad de Miami. Con m\u00e1s de cuatro a\u00f1os de experiencia como m\u00e9dico de atenci\u00f3n primaria en UM, el Dr. Pardo ahora busca ofrecer un enfoque m\u00e1s cercano, humano y centrado en la comunidad desde su propia consulta.<\/p><p>En Sana Sana Clinic, el Dr. Pardo se dedica a formar relaciones cercanas y de confianza con sus pacientes \u2014 relaciones basadas en el respeto, la continuidad del cuidado y el tiempo necesario para conocerse bien. El Dr. Pardo limita intencionalmente la cantidad de pacientes que atiende para poder ofrecer una atenci\u00f3n m\u00e1s personalizada y dedicar el tiempo necesario a conocer a fondo las necesidades de cada persona.<\/p><p>Su filosof\u00eda de atenci\u00f3n es integradora: el Dr. Pardo est\u00e1 capacitado en acupuntura y con frecuencia la incluye como una opci\u00f3n complementaria para los pacientes que puedan beneficiarse. Tambi\u00e9n le interesan los modelos de consultas grupales, que fomentan el apoyo mutuo y el aprendizaje compartido entre pacientes.<\/p><p>Cree en una medicina equilibrada y completa, que combina tratamientos convencionales con cambios en el estilo de vida y terapias integrativas para mejorar la salud de forma sostenible. A trav\u00e9s de este enfoque, busca brindar una experiencia m\u00e9dica cercana, completa y con sentido, que responda a las distintas realidades de la comunidad de Miami.<\/p><p>El Dr. Pardo habla espa\u00f1ol con fluidez y recibe con gusto a pacientes hispanohablantes.<\/p>\t\t\t\t\t\t\t\t<\/div>\n\t\t\t\t<\/div>\n\t\t\t\t\t<\/div>\n\t\t<\/div>\n\t\t\t\t\t<\/div>\n\t\t<\/section>\n\t\t\t\t<section class=\"elementor-section elementor-top-section elementor-element elementor-element-49ca513 elementor-section-boxed elementor-section-height-default elementor-section-height-default sc_fly_static\" data-id=\"49ca513\" data-element_type=\"section\" data-e-type=\"section\">\n\t\t\t\t\t\t<div class=\"elementor-container elementor-column-gap-extended\">\n\t\t\t\t\t<div class=\"elementor-column elementor-col-100 elementor-top-column elementor-element elementor-element-14f1715 sc_content_align_inherit sc_layouts_column_icons_position_left sc_fly_static\" data-id=\"14f1715\" data-element_type=\"column\" data-e-type=\"column\">\n\t\t\t<div class=\"elementor-widget-wrap elementor-element-populated\">\n\t\t\t\t\t\t<div class=\"elementor-element elementor-element-b37055a sc_fly_static elementor-widget elementor-widget-spacer\" data-id=\"b37055a\" data-element_type=\"widget\" data-e-type=\"widget\" data-widget_type=\"spacer.default\">\n\t\t\t\t<div class=\"elementor-widget-container\">\n\t\t\t\t\t\t\t<div class=\"elementor-spacer\">\n\t\t\t<div class=\"elementor-spacer-inner\"><\/div>\n\t\t<\/div>\n\t\t\t\t\t\t<\/div>\n\t\t\t\t<\/div>\n\t\t\t\t\t<\/div>\n\t\t<\/div>\n\t\t\t\t\t<\/div>\n\t\t<\/section>\n\t\t\t\t<\/div>\n\t\t","protected":false},"excerpt":{"rendered":"<p>Sobre Nosotros Sana Sana Clinic El Dr. Bryan Pardo, m\u00e9dico de familia, cubanoamericano y nativo de Miami, est\u00e1 cumpliendo su sue\u00f1o de abrir Sana Sana Clinic. Despu\u00e9s de graduarse de&hellip;<\/p>\n","protected":false},"author":1,"featured_media":0,"parent":0,"menu_order":0,"comment_status":"closed","ping_status":"closed","template":"","meta":{"footnotes":""},"class_list":["post-59859","page","type-page","status-publish","hentry"],"_links":{"self":[{"href":"https:\/\/www.sanasanaclinic.com\/es\/wp-json\/wp\/v2\/pages\/59859","targetHints":{"allow":["GET"]}}],"collection":[{"href":"https:\/\/www.sanasanaclinic.com\/es\/wp-json\/wp\/v2\/pages"}],"about":[{"href":"https:\/\/www.sanasanaclinic.com\/es\/wp-json\/wp\/v2\/types\/page"}],"author":[{"embeddable":true,"href":"https:\/\/www.sanasanaclinic.com\/es\/wp-json\/wp\/v2\/users\/1"}],"replies":[{"embeddable":true,"href":"https:\/\/www.sanasanaclinic.com\/es\/wp-json\/wp\/v2\/comments?post=59859"}],"version-history":[{"count":5,"href":"https:\/\/www.sanasanaclinic.com\/es\/wp-json\/wp\/v2\/pages\/59859\/revisions"}],"predecessor-version":[{"id":59868,"href":"https:\/\/www.sanasanaclinic.com\/es\/wp-json\/wp\/v2\/pages\/59859\/revisions\/59868"}],"wp:attachment":[{"href":"https:\/\/www.sanasanaclinic.com\/es\/wp-json\/wp\/v2\/media?parent=59859"}],"curies":[{"name":"wp","href":"https:\/\/api.w.org\/{rel}","templated":true}]}}