{"id":59897,"date":"2024-07-26T19:46:14","date_gmt":"2024-07-26T19:46:14","guid":{"rendered":"https:\/\/www.sanasanaclinic.com\/nuestros-servicios\/"},"modified":"2025-05-04T14:11:03","modified_gmt":"2025-05-04T14:11:03","slug":"servicios","status":"publish","type":"page","link":"https:\/\/www.sanasanaclinic.com\/es\/servicios\/","title":{"rendered":"Servicios"},"content":{"rendered":"\t\t<div data-elementor-type=\"wp-page\" data-elementor-id=\"59897\" class=\"elementor elementor-59897 elementor-44881\">\n\t\t\t\t\t\t<section class=\"elementor-section elementor-top-section elementor-element elementor-element-507c9ed elementor-section-boxed elementor-section-height-default elementor-section-height-default sc_fly_static\" data-id=\"507c9ed\" data-element_type=\"section\" data-e-type=\"section\">\n\t\t\t\t\t\t<div class=\"elementor-container elementor-column-gap-extended\">\n\t\t\t\t\t<div class=\"elementor-column elementor-col-100 elementor-top-column elementor-element elementor-element-56d4edf sc_content_align_inherit sc_layouts_column_icons_position_left sc_fly_static\" data-id=\"56d4edf\" data-element_type=\"column\" data-e-type=\"column\">\n\t\t\t<div class=\"elementor-widget-wrap elementor-element-populated\">\n\t\t\t\t\t\t<div class=\"elementor-element elementor-element-a332194 sc_fly_static elementor-widget elementor-widget-spacer\" data-id=\"a332194\" data-element_type=\"widget\" data-e-type=\"widget\" data-widget_type=\"spacer.default\">\n\t\t\t\t<div class=\"elementor-widget-container\">\n\t\t\t\t\t\t\t<div class=\"elementor-spacer\">\n\t\t\t<div class=\"elementor-spacer-inner\"><\/div>\n\t\t<\/div>\n\t\t\t\t\t\t<\/div>\n\t\t\t\t<\/div>\n\t\t\t\t\t<\/div>\n\t\t<\/div>\n\t\t\t\t\t<\/div>\n\t\t<\/section>\n\t\t\t\t<section class=\"elementor-section elementor-top-section elementor-element elementor-element-c541f20 elementor-section-boxed elementor-section-height-default elementor-section-height-default sc_fly_static\" data-id=\"c541f20\" data-element_type=\"section\" data-e-type=\"section\">\n\t\t\t\t\t\t<div class=\"elementor-container elementor-column-gap-extended\">\n\t\t\t\t\t<div class=\"elementor-column elementor-col-50 elementor-top-column elementor-element elementor-element-181404d sc_content_align_inherit sc_layouts_column_icons_position_left sc_fly_static\" data-id=\"181404d\" data-element_type=\"column\" data-e-type=\"column\">\n\t\t\t<div class=\"elementor-widget-wrap elementor-element-populated\">\n\t\t\t\t\t\t<div class=\"elementor-element elementor-element-cfd79c8 sc_fly_static elementor-widget elementor-widget-trx_sc_title\" data-id=\"cfd79c8\" data-element_type=\"widget\" data-e-type=\"widget\" data-widget_type=\"trx_sc_title.default\">\n\t\t\t\t<div class=\"elementor-widget-container\">\n\t\t\t\t\t<div\t\tclass=\"sc_title sc_title_default\" ><span class=\"sc_item_subtitle sc_title_subtitle sc_item_subtitle_above sc_item_title_style_default\">Cuidado de confianza<\/span><h1 class=\"sc_item_title sc_title_title sc_item_title_style_default sc_item_title_tag\"\n\t\t\t><span class=\"sc_item_title_text\">Nuestros servicios<\/span><\/h1><\/div>\t\t\t\t<\/div>\n\t\t\t\t<\/div>\n\t\t\t\t\t<\/div>\n\t\t<\/div>\n\t\t\t\t<div class=\"elementor-column elementor-col-50 elementor-top-column elementor-element elementor-element-ab21f25 sc_content_align_inherit sc_layouts_column_icons_position_left sc_fly_static\" data-id=\"ab21f25\" data-element_type=\"column\" data-e-type=\"column\">\n\t\t\t<div class=\"elementor-widget-wrap elementor-element-populated\">\n\t\t\t\t\t\t<div class=\"elementor-element elementor-element-579b32c sc_fly_static elementor-widget elementor-widget-spacer\" data-id=\"579b32c\" data-element_type=\"widget\" data-e-type=\"widget\" data-widget_type=\"spacer.default\">\n\t\t\t\t<div class=\"elementor-widget-container\">\n\t\t\t\t\t\t\t<div class=\"elementor-spacer\">\n\t\t\t<div class=\"elementor-spacer-inner\"><\/div>\n\t\t<\/div>\n\t\t\t\t\t\t<\/div>\n\t\t\t\t<\/div>\n\t\t\t\t<div class=\"elementor-element elementor-element-8b9802e sc_fly_static elementor-widget elementor-widget-text-editor\" data-id=\"8b9802e\" data-element_type=\"widget\" data-e-type=\"widget\" data-widget_type=\"text-editor.default\">\n\t\t\t\t<div class=\"elementor-widget-container\">\n\t\t\t\t\t\t\t\t\t<p><span id=\"m_-7032370354312454693m_8303489077251504344gmail-docs-internal-guid-fa3adc7b-7fff-df3a-1578-73846fa39802\">Sana Sana Clinic ofrece atenci\u00f3n primaria directa en un modelo de membres\u00eda que elimina el seguro como intermediario. Usted tiene acceso directo a su m\u00e9dico, haciendo que la atenci\u00f3n sea m\u00e1s sencilla, asequible y a su medida.<\/span><\/p>\t\t\t\t\t\t\t\t<\/div>\n\t\t\t\t<\/div>\n\t\t\t\t\t<\/div>\n\t\t<\/div>\n\t\t\t\t\t<\/div>\n\t\t<\/section>\n\t\t\t\t<section class=\"elementor-section elementor-top-section elementor-element elementor-element-c9ef751 service-btn elementor-section-boxed elementor-section-height-default elementor-section-height-default sc_fly_static\" data-id=\"c9ef751\" data-element_type=\"section\" data-e-type=\"section\">\n\t\t\t\t\t\t<div class=\"elementor-container elementor-column-gap-extended\">\n\t\t\t\t\t<div class=\"elementor-column elementor-col-100 elementor-top-column elementor-element elementor-element-281bb38 sc_content_align_inherit sc_layouts_column_icons_position_left sc_fly_static\" data-id=\"281bb38\" data-element_type=\"column\" data-e-type=\"column\">\n\t\t\t<div class=\"elementor-widget-wrap elementor-element-populated\">\n\t\t\t\t\t\t<div class=\"elementor-element elementor-element-04ea36b sc_fly_static elementor-widget elementor-widget-spacer\" data-id=\"04ea36b\" data-element_type=\"widget\" data-e-type=\"widget\" data-widget_type=\"spacer.default\">\n\t\t\t\t<div class=\"elementor-widget-container\">\n\t\t\t\t\t\t\t<div class=\"elementor-spacer\">\n\t\t\t<div class=\"elementor-spacer-inner\"><\/div>\n\t\t<\/div>\n\t\t\t\t\t\t<\/div>\n\t\t\t\t<\/div>\n\t\t\t\t<div class=\"elementor-element elementor-element-751502b sc_fly_static elementor-widget elementor-widget-trx_sc_icons\" data-id=\"751502b\" data-element_type=\"widget\" data-e-type=\"widget\" data-widget_type=\"trx_sc_icons.default\">\n\t\t\t\t<div class=\"elementor-widget-container\">\n\t\t\t\t\t<div \tclass=\"sc_icons sc_icons_plain sc_icons_size_medium sc_align_none\" ><div class=\"sc_icons_columns_wrap sc_item_columns trx_addons_columns_wrap columns_padding_bottom columns_in_single_row\" ><div class=\"trx_addons_column-1_4 trx_addons_column-1_2-tablet trx_addons_column-1_2-mobile\"><div class=\"sc_icons_item sc_icons_item_linked with_more\"><div class=\"sc_icons_image\" ><img decoding=\"async\" src=\"\/\/sanasanaclinic.com\/wp-content\/uploads\/2024\/12\/preventive-care.jpg\" alt=\"Icon\"><\/div><div class=\"sc_icons_item_details\"><h4 class=\"sc_icons_item_title\"><a href=\"https:\/\/www.sanasanaclinic.com\/es\/services\/cuidado-preventivo\/\">\n                                    Cuidado preventivo                                    <\/a><\/h4><div class=\"sc_icons_item_description\"><span>Evaluaciones integrales para monitorear su salud, atender sus inquietudes y crear un plan de bienestar accionable.<\/span><\/div><a href=\"https:\/\/www.sanasanaclinic.com\/es\/services\/cuidado-preventivo\/\" class=\"sc_icons_item_more_link\">\n                        <span class=\"link_text\">M\u00e1s informaci\u00f3n<\/span><span class=\"link_icon\"><\/span>\n                        <\/a><a href=\"https:\/\/www.sanasanaclinic.com\/es\/services\/cuidado-preventivo\/\"\n                        class=\"sc_icons_item_link\">\n                        <\/a><\/div><\/div><\/div><div class=\"trx_addons_column-1_4 trx_addons_column-1_2-tablet trx_addons_column-1_2-mobile\"><div class=\"sc_icons_item sc_icons_item_linked with_more\"><div class=\"sc_icons_image\" ><img decoding=\"async\" src=\"\/\/sanasanaclinic.com\/wp-content\/uploads\/2024\/12\/Chronic-Desease.jpg\" alt=\"Icon\"><\/div><div class=\"sc_icons_item_details\"><h4 class=\"sc_icons_item_title\"><a href=\"https:\/\/www.sanasanaclinic.com\/es\/services\/manejo-de-enfermedades-cronicas\/\">\n                                    Manejo de enfermedades cr\u00f3nicas                                    <\/a><\/h4><div class=\"sc_icons_item_description\"><span>Manejo personalizado de medicamentos con ajustes basados en sus datos de salud y pr\u00e1cticas basadas en evidencia. <\/span><\/div><a href=\"https:\/\/www.sanasanaclinic.com\/es\/services\/manejo-de-enfermedades-cronicas\/\" class=\"sc_icons_item_more_link\">\n                        <span class=\"link_text\">M\u00e1s informaci\u00f3n<\/span><span class=\"link_icon\"><\/span>\n                        <\/a><a href=\"https:\/\/www.sanasanaclinic.com\/es\/services\/manejo-de-enfermedades-cronicas\/\"\n                        class=\"sc_icons_item_link\">\n                        <\/a><\/div><\/div><\/div><div class=\"trx_addons_column-1_4 trx_addons_column-1_2-tablet trx_addons_column-1_2-mobile\"><div class=\"sc_icons_item sc_icons_item_linked with_more\"><div class=\"sc_icons_image\" ><img decoding=\"async\" src=\"\/\/sanasanaclinic.com\/wp-content\/uploads\/2025\/01\/acute-urgent-care2.jpg\" alt=\"Icon\"><\/div><div class=\"sc_icons_item_details\"><h4 class=\"sc_icons_item_title\"><a href=\"https:\/\/www.sanasanaclinic.com\/es\/services\/atencion-aguda-urgente\/\">\n                                    Atenci\u00f3n auda y urgente                                    <\/a><\/h4><div class=\"sc_icons_item_description\"><span>Atenci\u00f3n para resfriados, gripe, infecciones y otros problemas de salud agudos.<\/span><\/div><a href=\"https:\/\/www.sanasanaclinic.com\/es\/services\/atencion-aguda-urgente\/\" class=\"sc_icons_item_more_link\">\n                        <span class=\"link_text\">M\u00e1s informaci\u00f3n<\/span><span class=\"link_icon\"><\/span>\n                        <\/a><a href=\"https:\/\/www.sanasanaclinic.com\/es\/services\/atencion-aguda-urgente\/\"\n                        class=\"sc_icons_item_link\">\n                        <\/a><\/div><\/div><\/div><div class=\"trx_addons_column-1_4 trx_addons_column-1_2-tablet trx_addons_column-1_2-mobile\"><div class=\"sc_icons_item sc_icons_item_linked with_more\"><div class=\"sc_icons_image\" ><img decoding=\"async\" src=\"\/\/sanasanaclinic.com\/wp-content\/uploads\/2024\/12\/Mental-Health.jpg\" alt=\"Icon\"><\/div><div class=\"sc_icons_item_details\"><h4 class=\"sc_icons_item_title\"><a href=\"https:\/\/www.sanasanaclinic.com\/es\/services\/servicios-de-salud-mental\/\">\n                                    Servicios de salud mental                                    <\/a><\/h4><div class=\"sc_icons_item_description\"><span> Recursos de apoyo para fomentar h\u00e1bitos saludables y t\u00e9cnicas efectivas de manejo del estr\u00e9s. <\/span><\/div><a href=\"https:\/\/www.sanasanaclinic.com\/es\/services\/servicios-de-salud-mental\/\" class=\"sc_icons_item_more_link\">\n                        <span class=\"link_text\">M\u00e1s informaci\u00f3n<\/span><span class=\"link_icon\"><\/span>\n                        <\/a><a href=\"https:\/\/www.sanasanaclinic.com\/es\/services\/servicios-de-salud-mental\/\"\n                        class=\"sc_icons_item_link\">\n                        <\/a><\/div><\/div><\/div><\/div><\/div><!-- \/.sc_icons -->\t\t\t\t<\/div>\n\t\t\t\t<\/div>\n\t\t\t\t<div class=\"elementor-element elementor-element-5b45c0e sc_height_small sc_fly_static elementor-widget elementor-widget-spacer\" data-id=\"5b45c0e\" data-element_type=\"widget\" data-e-type=\"widget\" data-widget_type=\"spacer.default\">\n\t\t\t\t<div class=\"elementor-widget-container\">\n\t\t\t\t\t\t\t<div class=\"elementor-spacer\">\n\t\t\t<div class=\"elementor-spacer-inner\"><\/div>\n\t\t<\/div>\n\t\t\t\t\t\t<\/div>\n\t\t\t\t<\/div>\n\t\t\t\t<div class=\"elementor-element elementor-element-a1033f7 sc_fly_static elementor-widget elementor-widget-trx_sc_icons\" data-id=\"a1033f7\" data-element_type=\"widget\" data-e-type=\"widget\" data-widget_type=\"trx_sc_icons.default\">\n\t\t\t\t<div class=\"elementor-widget-container\">\n\t\t\t\t\t<div \tclass=\"sc_icons sc_icons_plain sc_icons_size_medium sc_align_none\" ><div class=\"sc_icons_columns_wrap sc_item_columns trx_addons_columns_wrap columns_padding_bottom columns_in_single_row\" ><div class=\"trx_addons_column-1_4 trx_addons_column-1_2-tablet trx_addons_column-1_2-mobile\"><div class=\"sc_icons_item sc_icons_item_linked with_more\"><div class=\"sc_icons_image\" ><img decoding=\"async\" src=\"\/\/sanasanaclinic.com\/wp-content\/uploads\/2024\/12\/diagnostic-labs.jpg\" alt=\"Icon\"><\/div><div class=\"sc_icons_item_details\"><h4 class=\"sc_icons_item_title\"><a href=\"https:\/\/www.sanasanaclinic.com\/es\/services\/servicios-de-diagnostico-laboratorio\/\">\n                                    Servicios de diagn\u00f3stico y laboratorio                                    <\/a><\/h4><div class=\"sc_icons_item_description\"><span>Pruebas de sangre, orina y otras pruebas diagn\u00f3sticas con tarifas con descuento.<\/span><\/div><a href=\"https:\/\/www.sanasanaclinic.com\/es\/services\/servicios-de-diagnostico-laboratorio\/\" class=\"sc_icons_item_more_link\">\n                        <span class=\"link_text\">M\u00e1s informaci\u00f3n<\/span><span class=\"link_icon\"><\/span>\n                        <\/a><a href=\"https:\/\/www.sanasanaclinic.com\/es\/services\/servicios-de-diagnostico-laboratorio\/\"\n                        class=\"sc_icons_item_link\">\n                        <\/a><\/div><\/div><\/div><div class=\"trx_addons_column-1_4 trx_addons_column-1_2-tablet trx_addons_column-1_2-mobile\"><div class=\"sc_icons_item sc_icons_item_linked with_more\"><div class=\"sc_icons_image\" ><img decoding=\"async\" src=\"\/\/sanasanaclinic.com\/wp-content\/uploads\/2024\/12\/Medication.jpg\" alt=\"Icon\"><\/div><div class=\"sc_icons_item_details\"><h4 class=\"sc_icons_item_title\"><a href=\"https:\/\/www.sanasanaclinic.com\/es\/services\/dispensacion-de-medicamentos-recetas\/\">\n                                    Dispensaci\u00f3n de medicamentos y recetas                                    <\/a><\/h4><div class=\"sc_icons_item_description\"><span> Medicamentos gen\u00e9ricos para necesidades cr\u00f3nicas y agudas disponibles directamente en nuestra cl\u00ednica. <\/span><\/div><a href=\"https:\/\/www.sanasanaclinic.com\/es\/services\/dispensacion-de-medicamentos-recetas\/\" class=\"sc_icons_item_more_link\">\n                        <span class=\"link_text\">M\u00e1s informaci\u00f3n<\/span><span class=\"link_icon\"><\/span>\n                        <\/a><a href=\"https:\/\/www.sanasanaclinic.com\/es\/services\/dispensacion-de-medicamentos-recetas\/\"\n                        class=\"sc_icons_item_link\">\n                        <\/a><\/div><\/div><\/div><div class=\"trx_addons_column-1_4 trx_addons_column-1_2-tablet trx_addons_column-1_2-mobile\"><div class=\"sc_icons_item sc_icons_item_linked with_more\"><div class=\"sc_icons_image\" ><img decoding=\"async\" src=\"\/\/sanasanaclinic.com\/wp-content\/uploads\/2024\/12\/Additional-services.jpg\" alt=\"Icon\"><\/div><div class=\"sc_icons_item_details\"><h4 class=\"sc_icons_item_title\"><a href=\"https:\/\/www.sanasanaclinic.com\/es\/services\/servicios-adicionales\/\">\n                                    Servicios adicionales                                     <\/a><\/h4><div class=\"sc_icons_item_description\"><span>Como parte de nuestro enfoque integrativo, el Dr. Pardo ofrece acupuntura a pacientes interesados en terapias complementarias. Tambi\u00e9n realizamos visitas domiciliarias en casos necesarios. <\/span><\/div><a href=\"https:\/\/www.sanasanaclinic.com\/es\/services\/servicios-adicionales\/\" class=\"sc_icons_item_more_link\">\n                        <span class=\"link_text\">M\u00e1s informaci\u00f3n<\/span><span class=\"link_icon\"><\/span>\n                        <\/a><a href=\"https:\/\/www.sanasanaclinic.com\/es\/services\/servicios-adicionales\/\"\n                        class=\"sc_icons_item_link\">\n                        <\/a><\/div><\/div><\/div><div class=\"trx_addons_column-1_4 trx_addons_column-1_2-tablet trx_addons_column-1_2-mobile\"><div class=\"sc_icons_item sc_icons_item_linked with_more\"><div class=\"sc_icons_image\" ><img decoding=\"async\" src=\"\/\/sanasanaclinic.com\/wp-content\/uploads\/2025\/01\/future-services3.jpg\" alt=\"Icon\"><\/div><div class=\"sc_icons_item_details\"><h4 class=\"sc_icons_item_title\"><a href=\"https:\/\/www.sanasanaclinic.com\/es\/services\/future-services\/\">\n                                    Servicios futuros                                    <\/a><\/h4><div class=\"sc_icons_item_description\"><span>Planes futuros para servicios de salud (por ejemplo, ex\u00e1menes femeninos y terapias integrativas adicionales) que ampl\u00eden nuestro enfoque integral. <\/span><\/div><a href=\"https:\/\/www.sanasanaclinic.com\/es\/services\/future-services\/\" class=\"sc_icons_item_more_link\">\n                        <span class=\"link_text\">M\u00e1s informaci\u00f3n<\/span><span class=\"link_icon\"><\/span>\n                        <\/a><a href=\"https:\/\/www.sanasanaclinic.com\/es\/services\/future-services\/\"\n                        class=\"sc_icons_item_link\">\n                        <\/a><\/div><\/div><\/div><\/div><\/div><!-- \/.sc_icons -->\t\t\t\t<\/div>\n\t\t\t\t<\/div>\n\t\t\t\t<div class=\"elementor-element elementor-element-a9ce913 sc_height_large sc_fly_static elementor-widget elementor-widget-spacer\" data-id=\"a9ce913\" data-element_type=\"widget\" data-e-type=\"widget\" data-widget_type=\"spacer.default\">\n\t\t\t\t<div class=\"elementor-widget-container\">\n\t\t\t\t\t\t\t<div class=\"elementor-spacer\">\n\t\t\t<div class=\"elementor-spacer-inner\"><\/div>\n\t\t<\/div>\n\t\t\t\t\t\t<\/div>\n\t\t\t\t<\/div>\n\t\t\t\t\t<\/div>\n\t\t<\/div>\n\t\t\t\t\t<\/div>\n\t\t<\/section>\n\t\t\t\t<section class=\"elementor-section elementor-top-section elementor-element elementor-element-0727794 elementor-section-boxed elementor-section-height-default elementor-section-height-default sc_fly_static\" data-id=\"0727794\" data-element_type=\"section\" data-e-type=\"section\" data-settings=\"{&quot;background_background&quot;:&quot;classic&quot;}\">\n\t\t\t\t\t\t<div class=\"elementor-container elementor-column-gap-extended\">\n\t\t\t\t\t<div class=\"elementor-column elementor-col-100 elementor-top-column elementor-element elementor-element-417ca26 sc_content_align_inherit sc_layouts_column_icons_position_left sc_fly_static\" data-id=\"417ca26\" data-element_type=\"column\" data-e-type=\"column\">\n\t\t\t<div class=\"elementor-widget-wrap elementor-element-populated\">\n\t\t\t\t\t\t<div class=\"elementor-element elementor-element-9262734 sc_fly_static elementor-widget elementor-widget-spacer\" data-id=\"9262734\" data-element_type=\"widget\" data-e-type=\"widget\" data-widget_type=\"spacer.default\">\n\t\t\t\t<div class=\"elementor-widget-container\">\n\t\t\t\t\t\t\t<div class=\"elementor-spacer\">\n\t\t\t<div class=\"elementor-spacer-inner\"><\/div>\n\t\t<\/div>\n\t\t\t\t\t\t<\/div>\n\t\t\t\t<\/div>\n\t\t\t\t<div data-animation-type=\"block\" class=\"elementor-element elementor-element-7be5ba4 elementor-widget__width-initial animation_type_block sc_fly_static elementor-invisible elementor-widget elementor-widget-trx_sc_title\" data-id=\"7be5ba4\" data-element_type=\"widget\" data-e-type=\"widget\" data-settings=\"{&quot;_animation&quot;:&quot;healthhub-fadeinup&quot;}\" data-widget_type=\"trx_sc_title.default\">\n\t\t\t\t<div class=\"elementor-widget-container\">\n\t\t\t\t\t<div\t\tclass=\"sc_title sc_title_default\" ><span class=\"sc_item_subtitle sc_title_subtitle sc_align_center sc_item_subtitle_above sc_item_title_style_default\"> <\/span><h1 class=\"sc_item_title sc_title_title sc_align_center sc_item_title_style_default sc_item_title_tag trx_addons_inline_1359298689\"\n\t\t\t><span class=\"sc_item_title_text\">Comienza con la Cl\u00ednica Sana Sana<\/span><\/h1><div class=\"sc_item_descr sc_title_descr sc_align_center\"><\/div><\/div>\t\t\t\t<\/div>\n\t\t\t\t<\/div>\n\t\t\t\t<div class=\"elementor-element elementor-element-544591b sc_fly_static elementor-widget elementor-widget-spacer\" data-id=\"544591b\" data-element_type=\"widget\" data-e-type=\"widget\" data-widget_type=\"spacer.default\">\n\t\t\t\t<div class=\"elementor-widget-container\">\n\t\t\t\t\t\t\t<div class=\"elementor-spacer\">\n\t\t\t<div class=\"elementor-spacer-inner\"><\/div>\n\t\t<\/div>\n\t\t\t\t\t\t<\/div>\n\t\t\t\t<\/div>\n\t\t\t\t<section class=\"elementor-section elementor-inner-section elementor-element elementor-element-b90d13e elementor-section-boxed elementor-section-height-default elementor-section-height-default sc_fly_static\" data-id=\"b90d13e\" data-element_type=\"section\" data-e-type=\"section\">\n\t\t\t\t\t\t<div class=\"elementor-container elementor-column-gap-extended\">\n\t\t\t\t\t<div class=\"elementor-column elementor-col-33 elementor-inner-column elementor-element elementor-element-3890f84 sc_content_align_inherit sc_layouts_column_icons_position_left sc_fly_static\" data-id=\"3890f84\" data-element_type=\"column\" data-e-type=\"column\">\n\t\t\t<div class=\"elementor-widget-wrap elementor-element-populated\">\n\t\t\t\t\t\t<div class=\"elementor-element elementor-element-c1f87eb sc_fly_static elementor-widget elementor-widget-heading\" data-id=\"c1f87eb\" data-element_type=\"widget\" data-e-type=\"widget\" data-widget_type=\"heading.default\">\n\t\t\t\t<div class=\"elementor-widget-container\">\n\t\t\t\t\t<h2 class=\"elementor-heading-title elementor-size-default\">1<\/h2>\t\t\t\t<\/div>\n\t\t\t\t<\/div>\n\t\t\t\t<div class=\"elementor-element elementor-element-e2f6ea8 sc_fly_static elementor-widget elementor-widget-text-editor\" data-id=\"e2f6ea8\" data-element_type=\"widget\" data-e-type=\"widget\" data-widget_type=\"text-editor.default\">\n\t\t\t\t<div class=\"elementor-widget-container\">\n\t\t\t\t\t\t\t\t\t<p><strong>Env\u00eda tu informaci\u00f3n<\/strong><\/p><p>Rellena un formulario r\u00e1pido utilizando el enlace siguiente para solicitar un encuentro gratuito de 15 minutos, en persona o virtualmente.<\/p>\t\t\t\t\t\t\t\t<\/div>\n\t\t\t\t<\/div>\n\t\t\t\t\t<\/div>\n\t\t<\/div>\n\t\t\t\t<div class=\"elementor-column elementor-col-33 elementor-inner-column elementor-element elementor-element-c73770b sc_content_align_inherit sc_layouts_column_icons_position_left sc_fly_static\" data-id=\"c73770b\" data-element_type=\"column\" data-e-type=\"column\">\n\t\t\t<div class=\"elementor-widget-wrap elementor-element-populated\">\n\t\t\t\t\t\t<div class=\"elementor-element elementor-element-1fc79fb sc_fly_static elementor-widget elementor-widget-heading\" data-id=\"1fc79fb\" data-element_type=\"widget\" data-e-type=\"widget\" data-widget_type=\"heading.default\">\n\t\t\t\t<div class=\"elementor-widget-container\">\n\t\t\t\t\t<h2 class=\"elementor-heading-title elementor-size-default\">2<\/h2>\t\t\t\t<\/div>\n\t\t\t\t<\/div>\n\t\t\t\t<div class=\"elementor-element elementor-element-c51651a sc_fly_static elementor-widget elementor-widget-text-editor\" data-id=\"c51651a\" data-element_type=\"widget\" data-e-type=\"widget\" data-widget_type=\"text-editor.default\">\n\t\t\t\t<div class=\"elementor-widget-container\">\n\t\t\t\t\t\t\t\t\t<p><strong>Conoce a tu m\u00e9dico<\/strong><\/p><p>Mant\u00e9n una conversaci\u00f3n personal con tu m\u00e9dico para obtener m\u00e1s informaci\u00f3n sobre la Atenci\u00f3n Primaria Directa, hablar de tus necesidades sanitarias y ver si la cl\u00ednica es adecuada para ti.<\/p>\t\t\t\t\t\t\t\t<\/div>\n\t\t\t\t<\/div>\n\t\t\t\t\t<\/div>\n\t\t<\/div>\n\t\t\t\t<div class=\"elementor-column elementor-col-33 elementor-inner-column elementor-element elementor-element-ec08c47 sc_content_align_inherit sc_layouts_column_icons_position_left sc_fly_static\" data-id=\"ec08c47\" data-element_type=\"column\" data-e-type=\"column\">\n\t\t\t<div class=\"elementor-widget-wrap elementor-element-populated\">\n\t\t\t\t\t\t<div class=\"elementor-element elementor-element-b9b1576 sc_fly_static elementor-widget elementor-widget-heading\" data-id=\"b9b1576\" data-element_type=\"widget\" data-e-type=\"widget\" data-widget_type=\"heading.default\">\n\t\t\t\t<div class=\"elementor-widget-container\">\n\t\t\t\t\t<h2 class=\"elementor-heading-title elementor-size-default\">3<\/h2>\t\t\t\t<\/div>\n\t\t\t\t<\/div>\n\t\t\t\t<div class=\"elementor-element elementor-element-904aee1 sc_fly_static elementor-widget elementor-widget-text-editor\" data-id=\"904aee1\" data-element_type=\"widget\" data-e-type=\"widget\" data-widget_type=\"text-editor.default\">\n\t\t\t\t<div class=\"elementor-widget-container\">\n\t\t\t\t\t\t\t\t\t<p><strong>\u00danete cuando est\u00e9s preparado<\/strong><\/p><p>Si el modelo te parece adecuado y te apetece unirte, te guiaremos para que te inscribas como miembro mensual. \u00a1Tu cuidado comienza aqu\u00ed!<\/p>\t\t\t\t\t\t\t\t<\/div>\n\t\t\t\t<\/div>\n\t\t\t\t\t<\/div>\n\t\t<\/div>\n\t\t\t\t\t<\/div>\n\t\t<\/section>\n\t\t\t\t<div class=\"elementor-element elementor-element-98c93b0 sc_fly_static elementor-widget elementor-widget-trx_sc_button\" data-id=\"98c93b0\" data-element_type=\"widget\" data-e-type=\"widget\" data-widget_type=\"trx_sc_button.default\">\n\t\t\t\t<div class=\"elementor-widget-container\">\n\t\t\t\t\t<div\tclass=\"sc_item_button sc_button_wrap sc_align_center\" ><a href=\"https:\/\/sanasanaclinic.com\/sign-up\/\" class=\"sc_button sc_button_default sc_button_size_normal sc_button_icon_left color_style_link3\" ><span class=\"sc_button_text\"><span class=\"sc_button_title\">Subscr\u00edbase<\/span><\/span><\/a><\/div>\t\t\t\t<\/div>\n\t\t\t\t<\/div>\n\t\t\t\t<div class=\"elementor-element elementor-element-ae159ca sc_height_huge sc_fly_static elementor-widget elementor-widget-spacer\" data-id=\"ae159ca\" data-element_type=\"widget\" data-e-type=\"widget\" data-widget_type=\"spacer.default\">\n\t\t\t\t<div class=\"elementor-widget-container\">\n\t\t\t\t\t\t\t<div class=\"elementor-spacer\">\n\t\t\t<div class=\"elementor-spacer-inner\"><\/div>\n\t\t<\/div>\n\t\t\t\t\t\t<\/div>\n\t\t\t\t<\/div>\n\t\t\t\t\t<\/div>\n\t\t<\/div>\n\t\t\t\t\t<\/div>\n\t\t<\/section>\n\t\t\t\t<\/div>\n\t\t","protected":false},"excerpt":{"rendered":"<p>Cuidado de confianza Nuestros servicios Sana Sana Clinic ofrece atenci\u00f3n primaria directa en un modelo de membres\u00eda que elimina el seguro como intermediario. Usted tiene acceso directo a su m\u00e9dico,&hellip;<\/p>\n","protected":false},"author":1,"featured_media":0,"parent":0,"menu_order":0,"comment_status":"closed","ping_status":"closed","template":"","meta":{"footnotes":""},"class_list":["post-59897","page","type-page","status-publish","hentry"],"_links":{"self":[{"href":"https:\/\/www.sanasanaclinic.com\/es\/wp-json\/wp\/v2\/pages\/59897","targetHints":{"allow":["GET"]}}],"collection":[{"href":"https:\/\/www.sanasanaclinic.com\/es\/wp-json\/wp\/v2\/pages"}],"about":[{"href":"https:\/\/www.sanasanaclinic.com\/es\/wp-json\/wp\/v2\/types\/page"}],"author":[{"embeddable":true,"href":"https:\/\/www.sanasanaclinic.com\/es\/wp-json\/wp\/v2\/users\/1"}],"replies":[{"embeddable":true,"href":"https:\/\/www.sanasanaclinic.com\/es\/wp-json\/wp\/v2\/comments?post=59897"}],"version-history":[{"count":20,"href":"https:\/\/www.sanasanaclinic.com\/es\/wp-json\/wp\/v2\/pages\/59897\/revisions"}],"predecessor-version":[{"id":60148,"href":"https:\/\/www.sanasanaclinic.com\/es\/wp-json\/wp\/v2\/pages\/59897\/revisions\/60148"}],"wp:attachment":[{"href":"https:\/\/www.sanasanaclinic.com\/es\/wp-json\/wp\/v2\/media?parent=59897"}],"curies":[{"name":"wp","href":"https:\/\/api.w.org\/{rel}","templated":true}]}}