{"id":59922,"date":"2024-07-26T19:47:37","date_gmt":"2024-07-26T19:47:37","guid":{"rendered":"https:\/\/www.sanasanaclinic.com\/precios\/"},"modified":"2025-05-04T14:22:47","modified_gmt":"2025-05-04T14:22:47","slug":"precios","status":"publish","type":"page","link":"https:\/\/www.sanasanaclinic.com\/es\/precios\/","title":{"rendered":"Precios"},"content":{"rendered":"\t\t<div data-elementor-type=\"wp-page\" data-elementor-id=\"59922\" class=\"elementor elementor-59922 elementor-44887\">\n\t\t\t\t\t\t<section class=\"elementor-section elementor-top-section elementor-element elementor-element-9175173 elementor-section-boxed elementor-section-height-default elementor-section-height-default sc_fly_static\" data-id=\"9175173\" data-element_type=\"section\" data-e-type=\"section\">\n\t\t\t\t\t\t<div class=\"elementor-container elementor-column-gap-extended\">\n\t\t\t\t\t<div class=\"elementor-column elementor-col-100 elementor-top-column elementor-element elementor-element-4bf8355 sc_content_align_inherit sc_layouts_column_icons_position_left sc_fly_static\" data-id=\"4bf8355\" data-element_type=\"column\" data-e-type=\"column\">\n\t\t\t<div class=\"elementor-widget-wrap elementor-element-populated\">\n\t\t\t\t\t\t<div class=\"elementor-element elementor-element-1f2171d sc_fly_static elementor-widget elementor-widget-spacer\" data-id=\"1f2171d\" data-element_type=\"widget\" data-e-type=\"widget\" data-widget_type=\"spacer.default\">\n\t\t\t\t<div class=\"elementor-widget-container\">\n\t\t\t\t\t\t\t<div class=\"elementor-spacer\">\n\t\t\t<div class=\"elementor-spacer-inner\"><\/div>\n\t\t<\/div>\n\t\t\t\t\t\t<\/div>\n\t\t\t\t<\/div>\n\t\t\t\t<div data-animation-type=\"block\" class=\"elementor-element elementor-element-88fcca8 elementor-widget__width-initial animation_type_block sc_fly_static elementor-invisible elementor-widget elementor-widget-trx_sc_title\" data-id=\"88fcca8\" data-element_type=\"widget\" data-e-type=\"widget\" data-settings=\"{&quot;_animation&quot;:&quot;healthhub-fadeinup&quot;}\" data-widget_type=\"trx_sc_title.default\">\n\t\t\t\t<div class=\"elementor-widget-container\">\n\t\t\t\t\t<div\t\tclass=\"sc_title sc_title_default\" ><span class=\"sc_item_subtitle sc_title_subtitle sc_align_center sc_item_subtitle_above sc_item_title_style_default\">Ofrecemos<\/span><h1 class=\"sc_item_title sc_title_title sc_align_center sc_item_title_style_default sc_item_title_tag\"\n\t\t\t><span class=\"sc_item_title_text\">Precio Mensual de Membres\u00eda<\/span><\/h1><div class=\"sc_item_descr sc_title_descr sc_align_center\"><\/div><\/div>\t\t\t\t<\/div>\n\t\t\t\t<\/div>\n\t\t\t\t<div class=\"elementor-element elementor-element-25a8fe3 sc_fly_static elementor-widget elementor-widget-spacer\" data-id=\"25a8fe3\" data-element_type=\"widget\" data-e-type=\"widget\" data-widget_type=\"spacer.default\">\n\t\t\t\t<div class=\"elementor-widget-container\">\n\t\t\t\t\t\t\t<div class=\"elementor-spacer\">\n\t\t\t<div class=\"elementor-spacer-inner\"><\/div>\n\t\t<\/div>\n\t\t\t\t\t\t<\/div>\n\t\t\t\t<\/div>\n\t\t\t\t<div class=\"elementor-element elementor-element-ec8a824 sc_fly_static elementor-widget elementor-widget-trx_sc_price\" data-id=\"ec8a824\" data-element_type=\"widget\" data-e-type=\"widget\" data-widget_type=\"trx_sc_price.default\">\n\t\t\t\t<div class=\"elementor-widget-container\">\n\t\t\t\t\t<div  \n\tclass=\"sc_price sc_price_simple_shadow\"><div class=\"sc_price_columns_wrap sc_item_columns trx_addons_columns_wrap columns_padding_bottom columns_in_single_row\"><div class=\"trx_addons_column-1_3 trx_addons_column-1_2-mobile\"><div class=\"sc_price_item sc_price_item_simple_shadow\">\n\t\t\t<div class=\"sc_price_item_inner\"><div class=\"sc_price_item_info_top\"><h3 class=\"sc_price_item_title\"><span>Edades 18-39<\/span><\/h3><h6 class=\"sc_price_item_subtitle\"><span> Grupos de Edad<\/span><\/h6><\/div><div class=\"sc_price_item_info\"><div class=\"sc_price_item_description\"><span> <\/span><\/div><div class=\"sc_price_item_price\"><span class=\"sc_price_item_price_value\">$70<\/span><span class=\"sc_price_item_price_after\">Mensual<\/span><\/div><a href=\"https:\/\/www.sanasanaclinic.com\/es\/subscribase\/\" class=\"sc_price_item_link sc_button_bordered sc_button\">Subscr\u00edbase<\/a><\/div><!-- \/.sc_price_item_info --><\/div><!-- \/.sc_price_item_inner --><\/div><\/div><div class=\"trx_addons_column-1_3 trx_addons_column-1_2-mobile\"><div class=\"sc_price_item sc_price_item_simple_shadow\">\n\t\t\t<div class=\"sc_price_item_inner\"><div class=\"sc_price_item_info_top\"><h3 class=\"sc_price_item_title\"><span>Edades 40-64<\/span><\/h3><h6 class=\"sc_price_item_subtitle\"><span> Grupos de Edad<\/span><\/h6><\/div><div class=\"sc_price_item_info\"><div class=\"sc_price_item_description\"><span> <\/span><\/div><div class=\"sc_price_item_price\"><span class=\"sc_price_item_price_value\">$100<\/span><span class=\"sc_price_item_price_after\">Mensual<\/span><\/div><a href=\"https:\/\/www.sanasanaclinic.com\/es\/subscribase\/\" class=\"sc_price_item_link sc_button_bordered sc_button\">Subscr\u00edbase<\/a><\/div><!-- \/.sc_price_item_info --><\/div><!-- \/.sc_price_item_inner --><\/div><\/div><div class=\"trx_addons_column-1_3 trx_addons_column-1_2-mobile\"><div class=\"sc_price_item sc_price_item_simple_shadow\">\n\t\t\t<div class=\"sc_price_item_inner\"><div class=\"sc_price_item_info_top\"><h3 class=\"sc_price_item_title\"><span>Edades 65 +<\/span><\/h3><h6 class=\"sc_price_item_subtitle\"><span> Grupos de Edad<\/span><\/h6><\/div><div class=\"sc_price_item_info\"><div class=\"sc_price_item_description\"><span> <\/span><\/div><div class=\"sc_price_item_price\"><span class=\"sc_price_item_price_value\">$140<\/span><span class=\"sc_price_item_price_after\">Mensual<\/span><\/div><a href=\"https:\/\/www.sanasanaclinic.com\/es\/subscribase\/\" class=\"sc_price_item_link sc_button_bordered sc_button\">Subscr\u00edbase<\/a><\/div><!-- \/.sc_price_item_info --><\/div><!-- \/.sc_price_item_inner --><\/div><\/div><\/div><\/div><!-- \/.sc_price -->\t\t\t\t<\/div>\n\t\t\t\t<\/div>\n\t\t\t\t<div class=\"elementor-element elementor-element-1d0fccc sc_height_small sc_fly_static elementor-widget elementor-widget-spacer\" data-id=\"1d0fccc\" data-element_type=\"widget\" data-e-type=\"widget\" data-widget_type=\"spacer.default\">\n\t\t\t\t<div class=\"elementor-widget-container\">\n\t\t\t\t\t\t\t<div class=\"elementor-spacer\">\n\t\t\t<div class=\"elementor-spacer-inner\"><\/div>\n\t\t<\/div>\n\t\t\t\t\t\t<\/div>\n\t\t\t\t<\/div>\n\t\t\t\t<div class=\"elementor-element elementor-element-c07beab sc_fly_static elementor-widget elementor-widget-text-editor\" data-id=\"c07beab\" data-element_type=\"widget\" data-e-type=\"widget\" data-widget_type=\"text-editor.default\">\n\t\t\t\t<div class=\"elementor-widget-container\">\n\t\t\t\t\t\t\t\t\t<p><strong>Cuota de inscripci\u00f3n<\/strong>: Cuota \u00fanica y fija de 120 $ por miembro.<\/p>\t\t\t\t\t\t\t\t<\/div>\n\t\t\t\t<\/div>\n\t\t\t\t<div class=\"elementor-element elementor-element-be09c95 sc_height_huge sc_fly_static elementor-widget elementor-widget-spacer\" data-id=\"be09c95\" data-element_type=\"widget\" data-e-type=\"widget\" data-widget_type=\"spacer.default\">\n\t\t\t\t<div class=\"elementor-widget-container\">\n\t\t\t\t\t\t\t<div class=\"elementor-spacer\">\n\t\t\t<div class=\"elementor-spacer-inner\"><\/div>\n\t\t<\/div>\n\t\t\t\t\t\t<\/div>\n\t\t\t\t<\/div>\n\t\t\t\t\t<\/div>\n\t\t<\/div>\n\t\t\t\t\t<\/div>\n\t\t<\/section>\n\t\t\t\t<section class=\"elementor-section elementor-top-section elementor-element elementor-element-4bb92e9 scheme_alternative_default elementor-section-boxed elementor-section-height-default elementor-section-height-default sc_fly_static\" data-id=\"4bb92e9\" data-element_type=\"section\" data-e-type=\"section\" data-settings=\"{&quot;background_background&quot;:&quot;classic&quot;}\">\n\t\t\t\t\t\t<div class=\"elementor-container elementor-column-gap-extended\">\n\t\t\t\t\t<div class=\"elementor-column elementor-col-100 elementor-top-column elementor-element elementor-element-507fe2d sc_layouts_column_align_center sc_layouts_column sc_content_align_inherit sc_layouts_column_icons_position_left sc_fly_static\" data-id=\"507fe2d\" data-element_type=\"column\" data-e-type=\"column\">\n\t\t\t<div class=\"elementor-widget-wrap elementor-element-populated\">\n\t\t\t\t\t\t<div class=\"elementor-element elementor-element-cbc5fc1 sc_height_large sc_fly_static elementor-widget elementor-widget-spacer\" data-id=\"cbc5fc1\" data-element_type=\"widget\" data-e-type=\"widget\" data-widget_type=\"spacer.default\">\n\t\t\t\t<div class=\"elementor-widget-container\">\n\t\t\t\t\t\t\t<div class=\"elementor-spacer\">\n\t\t\t<div class=\"elementor-spacer-inner\"><\/div>\n\t\t<\/div>\n\t\t\t\t\t\t<\/div>\n\t\t\t\t<\/div>\n\t\t\t\t<div data-animation-type=\"block\" class=\"elementor-element elementor-element-3d44f6d elementor-widget__width-initial animation_type_block sc_fly_static elementor-invisible elementor-widget elementor-widget-trx_sc_title\" data-id=\"3d44f6d\" data-element_type=\"widget\" data-e-type=\"widget\" data-settings=\"{&quot;_animation&quot;:&quot;healthhub-fadeinup&quot;}\" data-widget_type=\"trx_sc_title.default\">\n\t\t\t\t<div class=\"elementor-widget-container\">\n\t\t\t\t\t<div\t\tclass=\"sc_title sc_title_default\" ><span class=\"sc_item_subtitle sc_title_subtitle sc_item_subtitle_above sc_item_title_style_default\">Un enfoque nuevo de la atenci\u00f3n m\u00e9dica<\/span><h1 class=\"sc_item_title sc_title_title sc_item_title_style_default sc_item_title_tag\"\n\t\t\t><span class=\"sc_item_title_text\">Atenci\u00f3n Primaria Directa<\/span><\/h1><div class=\"sc_item_descr sc_title_descr\"><\/div><\/div>\t\t\t\t<\/div>\n\t\t\t\t<\/div>\n\t\t\t\t<div class=\"elementor-element elementor-element-9d8a3c0 sc_height_small sc_fly_static elementor-widget elementor-widget-spacer\" data-id=\"9d8a3c0\" data-element_type=\"widget\" data-e-type=\"widget\" data-widget_type=\"spacer.default\">\n\t\t\t\t<div class=\"elementor-widget-container\">\n\t\t\t\t\t\t\t<div class=\"elementor-spacer\">\n\t\t\t<div class=\"elementor-spacer-inner\"><\/div>\n\t\t<\/div>\n\t\t\t\t\t\t<\/div>\n\t\t\t\t<\/div>\n\t\t\t\t<div data-animation-type=\"sequental\" data-animation-stagger=\"\" class=\"elementor-element elementor-element-ac7889a animation_type_sequental sc_fly_static elementor-invisible elementor-widget elementor-widget-trx_sc_icons\" data-id=\"ac7889a\" data-element_type=\"widget\" data-e-type=\"widget\" data-settings=\"{&quot;_animation&quot;:&quot;healthhub-fadeinup&quot;,&quot;_animation_delay&quot;:100}\" data-widget_type=\"trx_sc_icons.default\">\n\t\t\t\t<div class=\"elementor-widget-container\">\n\t\t\t\t\t<div \tclass=\"sc_icons color_style_dark sc_icons_rounded sc_icons_size_small sc_align_none\" ><div class=\"sc_icons_columns_wrap sc_item_columns trx_addons_columns_wrap columns_padding_bottom\" ><div class=\"trx_addons_column-1_4 trx_addons_column-1_2-tablet\"><div class=\"sc_icons_item with_more\"><div class=\"sc_icons_image\" ><img decoding=\"async\" src=\"\/\/sanasanaclinic.com\/wp-content\/uploads\/2024\/12\/benefits-icon-01.png\" alt=\"Icon\"><\/div><div class=\"sc_icons_item_details\"><h4 class=\"sc_icons_item_title\"><span>Citas ilimitadas, al mismo d\u00eda o al d\u00eda siguiente<\/span><\/h4><div class=\"sc_icons_item_description\"><span>Reciba la atenci\u00f3n que necesita, cuando la necesita \u2014 sin tarifas adicionales ni copagos.<\/span><span><\/span><\/div><\/div><\/div><\/div><div class=\"trx_addons_column-1_4 trx_addons_column-1_2-tablet\"><div class=\"sc_icons_item with_more\"><div class=\"sc_icons_image\" ><img decoding=\"async\" src=\"\/\/sanasanaclinic.com\/wp-content\/uploads\/2024\/12\/benefits-icon-04.png\" alt=\"Icon\"><\/div><div class=\"sc_icons_item_details\"><h4 class=\"sc_icons_item_title\"><span>Panel de pacientes mucho m\u00e1s reducido<\/span><\/h4><div class=\"sc_icons_item_description\"><span>Mantenemos un n\u00famero limitado de pacientes para poder ofrecerle el tiempo, la atenci\u00f3n y el cuidado personalizado que se merece.<\/span><span><\/span><\/div><\/div><\/div><\/div><div class=\"trx_addons_column-1_4 trx_addons_column-1_2-tablet\"><div class=\"sc_icons_item with_more\"><div class=\"sc_icons_image\" ><img decoding=\"async\" src=\"\/\/sanasanaclinic.com\/wp-content\/uploads\/2024\/09\/health.png\" alt=\"Icon\"><\/div><div class=\"sc_icons_item_details\"><h4 class=\"sc_icons_item_title\"><span>Consultas prolongadas<\/span><\/h4><div class=\"sc_icons_item_description\"><span>Citas de 60 minutos para pacientes nuevos o chequeos anuales, y consultas de seguimiento o urgencias de 30 minutos \u2014 de modo que sus preocupaciones nunca se vean apresuradas.<\/span><span><\/span><\/div><\/div><\/div><\/div><div class=\"trx_addons_column-1_4 trx_addons_column-1_2-tablet\"><div class=\"sc_icons_item with_more\"><div class=\"sc_icons_image\" ><img decoding=\"async\" src=\"\/\/sanasanaclinic.com\/wp-content\/uploads\/2024\/12\/benefits-icon-03.png\" alt=\"Icon\"><\/div><div class=\"sc_icons_item_details\"><h4 class=\"sc_icons_item_title\"><span>L\u00ednea directa de comunicaci\u00f3n<\/span><\/h4><div class=\"sc_icons_item_description\"><span>Llame, env\u00ede un mensaje de texto o un correo electr\u00f3nico directamente a su m\u00e9dico para obtener apoyo inmediato y compasivo.<\/span><\/div><\/div><\/div><\/div><div class=\"trx_addons_column-1_4 trx_addons_column-1_2-tablet\"><div class=\"sc_icons_item with_more\"><div class=\"sc_icons_image\" ><img decoding=\"async\" src=\"\/\/sanasanaclinic.com\/wp-content\/uploads\/2024\/12\/benefits-icon-02.png\" alt=\"Icon\"><\/div><div class=\"sc_icons_item_details\"><h4 class=\"sc_icons_item_title\"><span>Telemedicina ilimitada<\/span><\/h4><div class=\"sc_icons_item_description\"><span> Consultas virtuales convenientes para orientaci\u00f3n r\u00e1pida o seguimientos desde cualquier lugar.<\/span><span><\/span><\/div><\/div><\/div><\/div><div class=\"trx_addons_column-1_4 trx_addons_column-1_2-tablet\"><div class=\"sc_icons_item with_more\"><div class=\"sc_icons_image\" ><img decoding=\"async\" src=\"\/\/sanasanaclinic.com\/wp-content\/uploads\/2025\/01\/discount-icon.png\" alt=\"Icon\"><\/div><div class=\"sc_icons_item_details\"><h4 class=\"sc_icons_item_title\"><span>Descuentos en an\u00e1lisis, im\u00e1genes y medicamentos<\/span><\/h4><div class=\"sc_icons_item_description\"><span>Ahorros significativos en pruebas de laboratorio, estudios de imagenolog\u00eda y recetas.<\/span><span><\/span><\/div><\/div><\/div><\/div><div class=\"trx_addons_column-1_4 trx_addons_column-1_2-tablet\"><div class=\"sc_icons_item with_more\"><div class=\"sc_icons_image\" ><img decoding=\"async\" src=\"\/\/sanasanaclinic.com\/wp-content\/uploads\/2025\/01\/monthly-icon.png\" alt=\"Icon\"><\/div><div class=\"sc_icons_item_details\"><h4 class=\"sc_icons_item_title\"><span>Transparencia en Subscripcion<\/span><\/h4><div class=\"sc_icons_item_description\"><span>Precios sencillos y predecibles: sin facturas sorpresa ni cargos ocultos.<\/span><\/div><\/div><\/div><\/div><div class=\"trx_addons_column-1_4 trx_addons_column-1_2-tablet\"><div class=\"sc_icons_item with_more\"><div class=\"sc_icons_image\" ><img decoding=\"async\" src=\"\/\/sanasanaclinic.com\/wp-content\/uploads\/2025\/01\/no-inssurance-icon.png\" alt=\"Icon\"><\/div><div class=\"sc_icons_item_details\"><h4 class=\"sc_icons_item_title\"><span>No se requiere seguro<\/span><\/h4><div class=\"sc_icons_item_description\"><span>Aunque recomendamos tener un seguro para accidentes o sucesos importantes, no lo necesitas para que te vean en Sana Sana.<\/span><\/div><\/div><\/div><\/div><\/div><\/div><!-- \/.sc_icons -->\t\t\t\t<\/div>\n\t\t\t\t<\/div>\n\t\t\t\t<div class=\"elementor-element elementor-element-0982d6b sc_height_huge sc_fly_static elementor-widget elementor-widget-spacer\" data-id=\"0982d6b\" data-element_type=\"widget\" data-e-type=\"widget\" data-widget_type=\"spacer.default\">\n\t\t\t\t<div class=\"elementor-widget-container\">\n\t\t\t\t\t\t\t<div class=\"elementor-spacer\">\n\t\t\t<div class=\"elementor-spacer-inner\"><\/div>\n\t\t<\/div>\n\t\t\t\t\t\t<\/div>\n\t\t\t\t<\/div>\n\t\t\t\t\t<\/div>\n\t\t<\/div>\n\t\t\t\t\t<\/div>\n\t\t<\/section>\n\t\t\t\t<section class=\"elementor-section elementor-top-section elementor-element elementor-element-3ec9433 elementor-section-boxed elementor-section-height-default elementor-section-height-default sc_fly_static\" data-id=\"3ec9433\" data-element_type=\"section\" data-e-type=\"section\" data-settings=\"{&quot;background_background&quot;:&quot;classic&quot;}\">\n\t\t\t\t\t\t<div class=\"elementor-container elementor-column-gap-extended\">\n\t\t\t\t\t<div class=\"elementor-column elementor-col-100 elementor-top-column elementor-element elementor-element-4f8cc84 sc_content_align_inherit sc_layouts_column_icons_position_left sc_fly_static\" data-id=\"4f8cc84\" data-element_type=\"column\" data-e-type=\"column\">\n\t\t\t<div class=\"elementor-widget-wrap elementor-element-populated\">\n\t\t\t\t\t\t<div class=\"elementor-element elementor-element-980e5ca sc_fly_static elementor-widget elementor-widget-spacer\" data-id=\"980e5ca\" data-element_type=\"widget\" data-e-type=\"widget\" data-widget_type=\"spacer.default\">\n\t\t\t\t<div class=\"elementor-widget-container\">\n\t\t\t\t\t\t\t<div class=\"elementor-spacer\">\n\t\t\t<div class=\"elementor-spacer-inner\"><\/div>\n\t\t<\/div>\n\t\t\t\t\t\t<\/div>\n\t\t\t\t<\/div>\n\t\t\t\t<div data-animation-type=\"block\" class=\"elementor-element elementor-element-74f4704 elementor-widget__width-initial animation_type_block sc_fly_static elementor-invisible elementor-widget elementor-widget-trx_sc_title\" data-id=\"74f4704\" data-element_type=\"widget\" data-e-type=\"widget\" data-settings=\"{&quot;_animation&quot;:&quot;healthhub-fadeinup&quot;}\" data-widget_type=\"trx_sc_title.default\">\n\t\t\t\t<div class=\"elementor-widget-container\">\n\t\t\t\t\t<div\t\tclass=\"sc_title sc_title_default\" ><span class=\"sc_item_subtitle sc_title_subtitle sc_align_center sc_item_subtitle_above sc_item_title_style_default\"> <\/span><h1 class=\"sc_item_title sc_title_title sc_align_center sc_item_title_style_default sc_item_title_tag trx_addons_inline_1464550416\"\n\t\t\t><span class=\"sc_item_title_text\">Comienza con la Sana Sana Clinic <\/span><\/h1><div class=\"sc_item_descr sc_title_descr sc_align_center\"><\/div><\/div>\t\t\t\t<\/div>\n\t\t\t\t<\/div>\n\t\t\t\t<div class=\"elementor-element elementor-element-216ccaf sc_fly_static elementor-widget elementor-widget-spacer\" data-id=\"216ccaf\" data-element_type=\"widget\" data-e-type=\"widget\" data-widget_type=\"spacer.default\">\n\t\t\t\t<div class=\"elementor-widget-container\">\n\t\t\t\t\t\t\t<div class=\"elementor-spacer\">\n\t\t\t<div class=\"elementor-spacer-inner\"><\/div>\n\t\t<\/div>\n\t\t\t\t\t\t<\/div>\n\t\t\t\t<\/div>\n\t\t\t\t<section class=\"elementor-section elementor-inner-section elementor-element elementor-element-c8f1047 elementor-section-boxed elementor-section-height-default elementor-section-height-default sc_fly_static\" data-id=\"c8f1047\" data-element_type=\"section\" data-e-type=\"section\">\n\t\t\t\t\t\t<div class=\"elementor-container elementor-column-gap-extended\">\n\t\t\t\t\t<div class=\"elementor-column elementor-col-33 elementor-inner-column elementor-element elementor-element-230a561 sc_content_align_inherit sc_layouts_column_icons_position_left sc_fly_static\" data-id=\"230a561\" data-element_type=\"column\" data-e-type=\"column\">\n\t\t\t<div class=\"elementor-widget-wrap elementor-element-populated\">\n\t\t\t\t\t\t<div class=\"elementor-element elementor-element-5c16810 sc_fly_static elementor-widget elementor-widget-heading\" data-id=\"5c16810\" data-element_type=\"widget\" data-e-type=\"widget\" data-widget_type=\"heading.default\">\n\t\t\t\t<div class=\"elementor-widget-container\">\n\t\t\t\t\t<h2 class=\"elementor-heading-title elementor-size-default\">1<\/h2>\t\t\t\t<\/div>\n\t\t\t\t<\/div>\n\t\t\t\t<div class=\"elementor-element elementor-element-36f18e1 sc_fly_static elementor-widget elementor-widget-text-editor\" data-id=\"36f18e1\" data-element_type=\"widget\" data-e-type=\"widget\" data-widget_type=\"text-editor.default\">\n\t\t\t\t<div class=\"elementor-widget-container\">\n\t\t\t\t\t\t\t\t\t<p><strong>Env\u00eda tu informaci\u00f3n<\/strong><\/p>\n<p>Rellena un formulario r\u00e1pido utilizando el enlace siguiente para solicitar un encuentro gratuito de 15 minutos, en persona o virtualmente. <br><\/p>\t\t\t\t\t\t\t\t<\/div>\n\t\t\t\t<\/div>\n\t\t\t\t\t<\/div>\n\t\t<\/div>\n\t\t\t\t<div class=\"elementor-column elementor-col-33 elementor-inner-column elementor-element elementor-element-5a5088f sc_content_align_inherit sc_layouts_column_icons_position_left sc_fly_static\" data-id=\"5a5088f\" data-element_type=\"column\" data-e-type=\"column\">\n\t\t\t<div class=\"elementor-widget-wrap elementor-element-populated\">\n\t\t\t\t\t\t<div class=\"elementor-element elementor-element-0439e7a sc_fly_static elementor-widget elementor-widget-heading\" data-id=\"0439e7a\" data-element_type=\"widget\" data-e-type=\"widget\" data-widget_type=\"heading.default\">\n\t\t\t\t<div class=\"elementor-widget-container\">\n\t\t\t\t\t<h2 class=\"elementor-heading-title elementor-size-default\">2<\/h2>\t\t\t\t<\/div>\n\t\t\t\t<\/div>\n\t\t\t\t<div class=\"elementor-element elementor-element-2473517 sc_fly_static elementor-widget elementor-widget-text-editor\" data-id=\"2473517\" data-element_type=\"widget\" data-e-type=\"widget\" data-widget_type=\"text-editor.default\">\n\t\t\t\t<div class=\"elementor-widget-container\">\n\t\t\t\t\t\t\t\t\t<p><strong>Conoce a tu m\u00e9dico<\/strong><\/p><p>Mant\u00e9n una conversaci\u00f3n personal con tu m\u00e9dico para obtener m\u00e1s informaci\u00f3n sobre la Atenci\u00f3n Primaria Directa, hablar de tus necesidades sanitarias y ver si la cl\u00ednica es adecuada para ti.<\/p>\t\t\t\t\t\t\t\t<\/div>\n\t\t\t\t<\/div>\n\t\t\t\t\t<\/div>\n\t\t<\/div>\n\t\t\t\t<div class=\"elementor-column elementor-col-33 elementor-inner-column elementor-element elementor-element-3aa864b sc_content_align_inherit sc_layouts_column_icons_position_left sc_fly_static\" data-id=\"3aa864b\" data-element_type=\"column\" data-e-type=\"column\">\n\t\t\t<div class=\"elementor-widget-wrap elementor-element-populated\">\n\t\t\t\t\t\t<div class=\"elementor-element elementor-element-cc4f9df sc_fly_static elementor-widget elementor-widget-heading\" data-id=\"cc4f9df\" data-element_type=\"widget\" data-e-type=\"widget\" data-widget_type=\"heading.default\">\n\t\t\t\t<div class=\"elementor-widget-container\">\n\t\t\t\t\t<h2 class=\"elementor-heading-title elementor-size-default\">3<\/h2>\t\t\t\t<\/div>\n\t\t\t\t<\/div>\n\t\t\t\t<div class=\"elementor-element elementor-element-a755127 sc_fly_static elementor-widget elementor-widget-text-editor\" data-id=\"a755127\" data-element_type=\"widget\" data-e-type=\"widget\" data-widget_type=\"text-editor.default\">\n\t\t\t\t<div class=\"elementor-widget-container\">\n\t\t\t\t\t\t\t\t\t<p><strong>\u00danete cuando est\u00e9s preparado<\/strong><\/p><p>Si el modelo te parece adecuado y te apetece unirte, te guiaremos para que te inscribas como miembro mensual. \u00a1Tu cuidado comienza aqu\u00ed!<\/p>\t\t\t\t\t\t\t\t<\/div>\n\t\t\t\t<\/div>\n\t\t\t\t\t<\/div>\n\t\t<\/div>\n\t\t\t\t\t<\/div>\n\t\t<\/section>\n\t\t\t\t<div class=\"elementor-element elementor-element-dc02d4a sc_fly_static elementor-widget elementor-widget-trx_sc_button\" data-id=\"dc02d4a\" data-element_type=\"widget\" data-e-type=\"widget\" data-widget_type=\"trx_sc_button.default\">\n\t\t\t\t<div class=\"elementor-widget-container\">\n\t\t\t\t\t<div\tclass=\"sc_item_button sc_button_wrap sc_align_center\" ><a href=\"https:\/\/www.sanasanaclinic.com\/es\/subscribase\/\" class=\"sc_button sc_button_default sc_button_size_normal sc_button_icon_left color_style_link3\" ><span class=\"sc_button_text\"><span class=\"sc_button_title\">Subscr\u00edbase<\/span><\/span><\/a><\/div>\t\t\t\t<\/div>\n\t\t\t\t<\/div>\n\t\t\t\t<div class=\"elementor-element elementor-element-f32ccd6 sc_height_huge sc_fly_static elementor-widget elementor-widget-spacer\" data-id=\"f32ccd6\" data-element_type=\"widget\" data-e-type=\"widget\" data-widget_type=\"spacer.default\">\n\t\t\t\t<div class=\"elementor-widget-container\">\n\t\t\t\t\t\t\t<div class=\"elementor-spacer\">\n\t\t\t<div class=\"elementor-spacer-inner\"><\/div>\n\t\t<\/div>\n\t\t\t\t\t\t<\/div>\n\t\t\t\t<\/div>\n\t\t\t\t\t<\/div>\n\t\t<\/div>\n\t\t\t\t\t<\/div>\n\t\t<\/section>\n\t\t\t\t<\/div>\n\t\t","protected":false},"excerpt":{"rendered":"<p>Ofrecemos Precio Mensual de Membres\u00eda Edades 18-39 Grupos de Edad $70MensualSubscr\u00edbase Edades 40-64 Grupos de Edad $100MensualSubscr\u00edbase Edades 65 + Grupos de Edad $140MensualSubscr\u00edbase Cuota de inscripci\u00f3n: Cuota \u00fanica y&hellip;<\/p>\n","protected":false},"author":1,"featured_media":0,"parent":0,"menu_order":0,"comment_status":"closed","ping_status":"closed","template":"","meta":{"footnotes":""},"class_list":["post-59922","page","type-page","status-publish","hentry"],"_links":{"self":[{"href":"https:\/\/www.sanasanaclinic.com\/es\/wp-json\/wp\/v2\/pages\/59922","targetHints":{"allow":["GET"]}}],"collection":[{"href":"https:\/\/www.sanasanaclinic.com\/es\/wp-json\/wp\/v2\/pages"}],"about":[{"href":"https:\/\/www.sanasanaclinic.com\/es\/wp-json\/wp\/v2\/types\/page"}],"author":[{"embeddable":true,"href":"https:\/\/www.sanasanaclinic.com\/es\/wp-json\/wp\/v2\/users\/1"}],"replies":[{"embeddable":true,"href":"https:\/\/www.sanasanaclinic.com\/es\/wp-json\/wp\/v2\/comments?post=59922"}],"version-history":[{"count":16,"href":"https:\/\/www.sanasanaclinic.com\/es\/wp-json\/wp\/v2\/pages\/59922\/revisions"}],"predecessor-version":[{"id":60175,"href":"https:\/\/www.sanasanaclinic.com\/es\/wp-json\/wp\/v2\/pages\/59922\/revisions\/60175"}],"wp:attachment":[{"href":"https:\/\/www.sanasanaclinic.com\/es\/wp-json\/wp\/v2\/media?parent=59922"}],"curies":[{"name":"wp","href":"https:\/\/api.w.org\/{rel}","templated":true}]}}