{"id":59945,"date":"2025-01-07T16:03:59","date_gmt":"2025-01-07T16:03:59","guid":{"rendered":"https:\/\/www.sanasanaclinic.com\/subscribase\/"},"modified":"2025-04-10T14:14:21","modified_gmt":"2025-04-10T14:14:21","slug":"subscribase","status":"publish","type":"page","link":"https:\/\/www.sanasanaclinic.com\/es\/subscribase\/","title":{"rendered":"Subscr\u00edbase"},"content":{"rendered":"\t\t<div data-elementor-type=\"wp-page\" data-elementor-id=\"59945\" class=\"elementor elementor-59945 elementor-59318\">\n\t\t\t\t\t\t<section class=\"elementor-section elementor-top-section elementor-element elementor-element-e9703c3 elementor-section-boxed elementor-section-height-default elementor-section-height-default sc_fly_static\" data-id=\"e9703c3\" data-element_type=\"section\" data-e-type=\"section\">\n\t\t\t\t\t\t<div class=\"elementor-container elementor-column-gap-extended\">\n\t\t\t\t\t<div class=\"elementor-column elementor-col-100 elementor-top-column elementor-element elementor-element-6c7ef0e sc_content_align_inherit sc_layouts_column_icons_position_left sc_fly_static\" data-id=\"6c7ef0e\" data-element_type=\"column\" data-e-type=\"column\">\n\t\t\t<div class=\"elementor-widget-wrap elementor-element-populated\">\n\t\t\t\t\t\t<div class=\"elementor-element elementor-element-59f3532 sc_fly_static elementor-widget elementor-widget-spacer\" data-id=\"59f3532\" data-element_type=\"widget\" data-e-type=\"widget\" data-widget_type=\"spacer.default\">\n\t\t\t\t<div class=\"elementor-widget-container\">\n\t\t\t\t\t\t\t<div class=\"elementor-spacer\">\n\t\t\t<div class=\"elementor-spacer-inner\"><\/div>\n\t\t<\/div>\n\t\t\t\t\t\t<\/div>\n\t\t\t\t<\/div>\n\t\t\t\t<div class=\"elementor-element elementor-element-623cf654 elementor-widget__width-initial sc_fly_static elementor-widget elementor-widget-trx_sc_title\" data-id=\"623cf654\" data-element_type=\"widget\" data-e-type=\"widget\" data-widget_type=\"trx_sc_title.default\">\n\t\t\t\t<div class=\"elementor-widget-container\">\n\t\t\t\t\t<div\t\tclass=\"sc_title sc_title_default\" ><h1 class=\"sc_item_title sc_title_title sc_align_center sc_item_title_style_default sc_item_title_tag\"\n\t\t\t><span class=\"sc_item_title_text\">INSCR\u00cdBETE<\/span><\/h1><\/div>\t\t\t\t<\/div>\n\t\t\t\t<\/div>\n\t\t\t\t<section class=\"elementor-section elementor-inner-section elementor-element elementor-element-a10646e elementor-section-boxed elementor-section-height-default elementor-section-height-default sc_fly_static\" data-id=\"a10646e\" data-element_type=\"section\" data-e-type=\"section\">\n\t\t\t\t\t\t<div class=\"elementor-container elementor-column-gap-extended\">\n\t\t\t\t\t<div class=\"elementor-column elementor-col-100 elementor-inner-column elementor-element elementor-element-89a5ccf sc_inner_width_2_3 sc_content_align_center sc_layouts_column_icons_position_left sc_fly_static\" data-id=\"89a5ccf\" data-element_type=\"column\" data-e-type=\"column\">\n\t\t\t<div class=\"elementor-widget-wrap elementor-element-populated\">\n\t\t\t\t\t\t<div class=\"elementor-element elementor-element-30d835b sc_fly_static elementor-widget elementor-widget-spacer\" data-id=\"30d835b\" data-element_type=\"widget\" data-e-type=\"widget\" data-widget_type=\"spacer.default\">\n\t\t\t\t<div class=\"elementor-widget-container\">\n\t\t\t\t\t\t\t<div class=\"elementor-spacer\">\n\t\t\t<div class=\"elementor-spacer-inner\"><\/div>\n\t\t<\/div>\n\t\t\t\t\t\t<\/div>\n\t\t\t\t<\/div>\n\t\t\t\t<div class=\"elementor-element elementor-element-adee3f4 sc_fly_static elementor-widget elementor-widget-text-editor\" data-id=\"adee3f4\" data-element_type=\"widget\" data-e-type=\"widget\" data-widget_type=\"text-editor.default\">\n\t\t\t\t<div class=\"elementor-widget-container\">\n\t\t\t\t\t\t\t\t\t<p>Si est\u00e1s interesado en ser paciente de la Sana Sana Clinic , rellena el siguiente formulario para indicar tu disponibilidad para un Meet and Greet virtual de 15 minutos con el Dr. Pardo. Esta breve llamada telef\u00f3nica o videollamada es una oportunidad para que conozcas al Dr. Pardo, sepas m\u00e1s sobre nuestro modelo de afiliaci\u00f3n y nuestros servicios, y compruebes si nuestra cl\u00ednica se ajusta a tus necesidades. Tambi\u00e9n se pueden concertar citas en persona. Esta reuni\u00f3n es totalmente gratuita y no implica ning\u00fan compromiso de inscripci\u00f3n.<\/p><p><strong>Nota<\/strong>: Esta reuni\u00f3n es \u00fanicamente para conocer la cl\u00ednica, el modelo de afiliaci\u00f3n, tus necesidades asistenciales y para inscribirte si as\u00ed lo decides. <em>No<\/em> es para asesoramiento m\u00e9dico, consulta o gesti\u00f3n de medicamentos.<\/p><p><\/p>\t\t\t\t\t\t\t\t<\/div>\n\t\t\t\t<\/div>\n\t\t\t\t<div class=\"elementor-element elementor-element-e360c12 sc_fly_static elementor-widget elementor-widget-spacer\" data-id=\"e360c12\" data-element_type=\"widget\" data-e-type=\"widget\" data-widget_type=\"spacer.default\">\n\t\t\t\t<div class=\"elementor-widget-container\">\n\t\t\t\t\t\t\t<div class=\"elementor-spacer\">\n\t\t\t<div class=\"elementor-spacer-inner\"><\/div>\n\t\t<\/div>\n\t\t\t\t\t\t<\/div>\n\t\t\t\t<\/div>\n\t\t\t\t<div class=\"elementor-element elementor-element-3d538d1 sc_fly_static elementor-widget elementor-widget-formidable\" data-id=\"3d538d1\" data-element_type=\"widget\" data-e-type=\"widget\" data-widget_type=\"formidable.default\">\n\t\t\t\t<div class=\"elementor-widget-container\">\n\t\t\t\t\t<div class=\"frm_forms  with_frm_style frm_style_formidable-style\" id=\"frm_form_5_container\" data-token=\"a36b09120da9f241ba4be5780e3a11df\">\n<form enctype=\"multipart\/form-data\" method=\"post\" class=\"frm-show-form \" id=\"form_sign-up-es\" data-token=\"a36b09120da9f241ba4be5780e3a11df\">\n<div class=\"frm_form_fields \">\n<fieldset>\n<legend class=\"frm_screen_reader\">Sign Up es<\/legend>\r\n\r\n<div class=\"frm_fields_container\">\n<input type=\"hidden\" name=\"frm_action\" value=\"create\" \/>\n<input type=\"hidden\" name=\"form_id\" value=\"5\" \/>\n<input type=\"hidden\" name=\"frm_hide_fields_5\" id=\"frm_hide_fields_5\" value=\"\" \/>\n<input type=\"hidden\" name=\"form_key\" value=\"sign-up-es\" \/>\n<input type=\"hidden\" name=\"item_meta[0]\" value=\"\" \/>\n<input type=\"hidden\" id=\"frm_submit_entry_5\" name=\"frm_submit_entry_5\" value=\"9f2cb9da18\" \/><input type=\"hidden\" name=\"_wp_http_referer\" value=\"\/es\/wp-json\/wp\/v2\/pages\/59945\" \/><div id=\"frm_field_27_container\" class=\"frm_form_field form-field  frm_top_container frm6 frm_first\">\r\n\t<label for=\"field_fbxe82\" id=\"field_fbxe82_label\" class=\"frm_primary_label\">Nombre\r\n\t\t<span class=\"frm_required\" aria-hidden=\"true\"><\/span>\r\n\t<\/label>\r\n\t<input type=\"text\" id=\"field_fbxe82\" name=\"item_meta[27]\" value=\"\"  data-invmsg=\"Nombre is invalid\" aria-invalid=\"false\"  \/>\r\n\t\r\n\t\r\n<\/div>\n<div id=\"frm_field_28_container\" class=\"frm_form_field form-field  frm_top_container frm6\">\r\n\t<label for=\"field_yv4z52\" id=\"field_yv4z52_label\" class=\"frm_primary_label\">Apellidos\r\n\t\t<span class=\"frm_required\" aria-hidden=\"true\"><\/span>\r\n\t<\/label>\r\n\t<input type=\"text\" id=\"field_yv4z52\" name=\"item_meta[28]\" value=\"\"  data-invmsg=\"Apellidos is invalid\" aria-invalid=\"false\"  \/>\r\n\t\r\n\t\r\n<\/div>\n<div id=\"frm_field_29_container\" class=\"frm_form_field form-field  frm_top_container frm6 frm_first\">\r\n\t<label for=\"field_r3i392\" id=\"field_r3i392_label\" class=\"frm_primary_label\">Email\r\n\t\t<span class=\"frm_required\" aria-hidden=\"true\"><\/span>\r\n\t<\/label>\r\n\t<input type=\"email\" id=\"field_r3i392\" name=\"item_meta[29]\" value=\"\"  data-invmsg=\"Email is invalid\" aria-invalid=\"false\"  \/>\r\n\t\r\n\t\r\n<\/div>\n<div id=\"frm_field_30_container\" class=\"frm_form_field form-field  frm_top_container frm6\">\r\n\t<label for=\"field_q05542\" id=\"field_q05542_label\" class=\"frm_primary_label\">Tel\u00e9fono\r\n\t\t<span class=\"frm_required\" aria-hidden=\"true\"><\/span>\r\n\t<\/label>\r\n\t<input type=\"tel\" id=\"field_q05542\" name=\"item_meta[30]\" value=\"\"  data-invmsg=\"Tel\u00e9fono is invalid\" aria-invalid=\"false\" pattern=\"((\\+\\d{1,3}(-|.| )?\\(?\\d\\)?(-| |.)?\\d{1,5})|(\\(?\\d{2,6}\\)?))(-|.| )?(\\d{3,4})(-|.| )?(\\d{4})(( x| ext)\\d{1,5}){0,1}$\"  \/>\r\n\t\r\n\t\r\n<\/div>\n<div id=\"frm_field_31_container\" class=\"frm_form_field form-field  frm_top_container frm6 frm_first vertical_radio\">\r\n\t<div  id=\"field_zk0t82_label\" class=\"frm_primary_label\">M\u00e9todo de comunicaci\u00e1n preferido\r\n\t\t<span class=\"frm_required\" aria-hidden=\"true\"><\/span>\r\n\t<\/div>\r\n\t<div class=\"frm_opt_container\" aria-labelledby=\"field_zk0t82_label\" role=\"group\">\t\t<div class=\"frm_checkbox\" id=\"frm_checkbox_31-0\">\t\t\t<label  for=\"field_zk0t82-0\">\n\t\t\t<input type=\"checkbox\" name=\"item_meta[31][]\" id=\"field_zk0t82-0\" value=\"Texto\"  data-invmsg=\"M\u00e9todo de comunicaci\u00e1n preferido no es v\u00e1lido\"   \/> Texto<\/label><\/div>\n\t\t<div class=\"frm_checkbox\" id=\"frm_checkbox_31-1\">\t\t\t<label  for=\"field_zk0t82-1\">\n\t\t\t<input type=\"checkbox\" name=\"item_meta[31][]\" id=\"field_zk0t82-1\" value=\"Llamada\"  data-invmsg=\"M\u00e9todo de comunicaci\u00e1n preferido no es v\u00e1lido\"   \/> Llamada<\/label><\/div>\n\t\t<div class=\"frm_checkbox\" id=\"frm_checkbox_31-2\">\t\t\t<label  for=\"field_zk0t82-2\">\n\t\t\t<input type=\"checkbox\" name=\"item_meta[31][]\" id=\"field_zk0t82-2\" value=\"Email\"  data-invmsg=\"M\u00e9todo de comunicaci\u00e1n preferido no es v\u00e1lido\"   \/> Email<\/label><\/div>\n<\/div>\r\n\t\r\n\t\r\n<\/div>\n<div id=\"frm_field_32_container\" class=\"frm_form_field form-field  frm_top_container frm6 vertical_radio\">\r\n\t<div  id=\"field_90eya2_label\" class=\"frm_primary_label\">Como nos encontro:\r\n\t\t<span class=\"frm_required\" aria-hidden=\"true\"><\/span>\r\n\t<\/div>\r\n\t<div class=\"frm_opt_container\" aria-labelledby=\"field_90eya2_label\" role=\"radiogroup\">\t\t<div class=\"frm_radio\" id=\"frm_radio_32-0\">\t\t\t<label  for=\"field_90eya2-0\">\n\t\t\t\t\t<input type=\"radio\" name=\"item_meta[32]\" id=\"field_90eya2-0\" value=\"Referido\"\n\t\t   data-invmsg=\"Como nos encontro: no es v\u00e1lido\"  \/> Referido<\/label><\/div>\n\t\t<div class=\"frm_radio\" id=\"frm_radio_32-1\">\t\t\t<label  for=\"field_90eya2-1\">\n\t\t\t\t\t<input type=\"radio\" name=\"item_meta[32]\" id=\"field_90eya2-1\" value=\"Social Media\"\n\t\t   data-invmsg=\"Como nos encontro: no es v\u00e1lido\"  \/> Social Media<\/label><\/div>\n\t\t<div class=\"frm_radio\" id=\"frm_radio_32-2\">\t\t\t<label  for=\"field_90eya2-2\">\n\t\t\t\t\t<input type=\"radio\" name=\"item_meta[32]\" id=\"field_90eya2-2\" value=\"Google Ad\"\n\t\t   data-invmsg=\"Como nos encontro: no es v\u00e1lido\"  \/> Google Ad<\/label><\/div>\n<\/div>\r\n\t\r\n\t\r\n<\/div>\n<div id=\"frm_field_33_container\" class=\"frm_form_field form-field  frm_required_field frm_hidden_container frm12 frm_first vertical_radio\">\r\n\t<div  id=\"field_s3e9v2_label\" class=\"frm_primary_label\">Checkboxes\r\n\t\t<span class=\"frm_required\" aria-hidden=\"true\">*<\/span>\r\n\t<\/div>\r\n\t<div class=\"frm_opt_container\" aria-labelledby=\"field_s3e9v2_label\" role=\"group\">\t\t<div class=\"frm_checkbox\" id=\"frm_checkbox_33-1\">\t\t\t<label  for=\"field_s3e9v2-1\">\n\t\t\t<input type=\"checkbox\" name=\"item_meta[33][]\" id=\"field_s3e9v2-1\" value=\"He le\u00eddo y acepto las condiciones de la Cl\u00ednica Sana Sana\u00a0&lt;a href=&quot;https:\/\/www.sanasanaclinic.com\/wp-content\/uploads\/2025\/02\/Website-Privacy-Practies-2.25.25.pdf&quot;&gt;Terms Of Service&lt;\/a&gt;.\"  data-reqmsg=\"Checkboxes cannot be blank.\" data-invmsg=\"Checkboxes no es v\u00e1lido\"   aria-required=\"true\"  \/> He le\u00eddo y acepto las condiciones de la Cl\u00ednica Sana Sana\u00a0<a href=\"https:\/\/www.sanasanaclinic.com\/wp-content\/uploads\/2025\/02\/Website-Privacy-Practies-2.25.25.pdf\">Terms Of Service<\/a>.<\/label><\/div>\n<\/div>\r\n\t\r\n\t\r\n<\/div>\n<div id=\"frm_field_36_container\" class=\"frm_form_field form-field  frm_none_container\">\n\t<label for=\"g-recaptcha-response\" id=\"field_awvz2_label\" class=\"frm_primary_label\">Captcha\n\t\t<span class=\"frm_required\" aria-hidden=\"true\"><\/span>\n\t<\/label>\n\t<div  id=\"field_awvz2\" class=\"frm-g-recaptcha\" data-sitekey=\"6LfOqt4qAAAAAF_csc3rFOOCGGzif3_HP3DfFWsz\" data-size=\"invisible\" data-theme=\"light\"><\/div>\n\t\n\t\n<\/div>\n<div id=\"frm_field_34_container\" class=\"frm_form_field form-field \">\r\n\t<div class=\"frm_submit frm_flex\">\r\n<button class=\"frm_button_submit\" type=\"submit\"  >Enviar<\/button>\r\n\r\n\r\n\r\n<\/div>\r\n<\/div>\n\t<input type=\"hidden\" name=\"item_key\" value=\"\" \/>\n\t\t\t<div id=\"frm_field_37_container\">\n\t\t\t<label for=\"field_wxf4c\" >\n\t\t\t\tSi eres humano, deja este campo en blanco.\t\t\t<\/label>\n\t\t\t<input  id=\"field_wxf4c\" type=\"text\" class=\"frm_form_field form-field frm_verify\" name=\"item_meta[37]\" value=\"\"  \/>\n\t\t<\/div>\n\t\t<input name=\"frm_state\" type=\"hidden\" value=\"MvKSE46tW0IdV2Eig8ju3LXxFUIw0pOXQPGgvhZss3Y=\" \/><\/div>\n<\/fieldset>\n<\/div>\n\n<\/form>\n<\/div>\n\t\t\t\t<\/div>\n\t\t\t\t<\/div>\n\t\t\t\t\t<\/div>\n\t\t<\/div>\n\t\t\t\t\t<\/div>\n\t\t<\/section>\n\t\t\t\t\t<\/div>\n\t\t<\/div>\n\t\t\t\t\t<\/div>\n\t\t<\/section>\n\t\t\t\t<section class=\"elementor-section elementor-top-section elementor-element elementor-element-37b12c82 elementor-section-boxed elementor-section-height-default elementor-section-height-default sc_fly_static\" data-id=\"37b12c82\" data-element_type=\"section\" data-e-type=\"section\">\n\t\t\t\t\t\t<div class=\"elementor-container elementor-column-gap-extended\">\n\t\t\t\t\t<div class=\"elementor-column elementor-col-100 elementor-top-column elementor-element elementor-element-5a82a81f sc_content_align_inherit sc_layouts_column_icons_position_left sc_fly_static\" data-id=\"5a82a81f\" data-element_type=\"column\" data-e-type=\"column\">\n\t\t\t<div class=\"elementor-widget-wrap elementor-element-populated\">\n\t\t\t\t\t\t<div class=\"elementor-element elementor-element-2c216044 sc_fly_static elementor-widget elementor-widget-spacer\" data-id=\"2c216044\" data-element_type=\"widget\" data-e-type=\"widget\" data-widget_type=\"spacer.default\">\n\t\t\t\t<div class=\"elementor-widget-container\">\n\t\t\t\t\t\t\t<div class=\"elementor-spacer\">\n\t\t\t<div class=\"elementor-spacer-inner\"><\/div>\n\t\t<\/div>\n\t\t\t\t\t\t<\/div>\n\t\t\t\t<\/div>\n\t\t\t\t\t<\/div>\n\t\t<\/div>\n\t\t\t\t\t<\/div>\n\t\t<\/section>\n\t\t\t\t<section class=\"elementor-section elementor-top-section elementor-element elementor-element-a2d9eeb elementor-section-boxed elementor-section-height-default elementor-section-height-default sc_fly_static\" data-id=\"a2d9eeb\" data-element_type=\"section\" data-e-type=\"section\">\n\t\t\t\t\t\t<div class=\"elementor-container elementor-column-gap-extended\">\n\t\t\t\t\t<div class=\"elementor-column elementor-col-100 elementor-top-column elementor-element elementor-element-9bfdd29 sc_content_align_inherit sc_layouts_column_icons_position_left sc_fly_static\" data-id=\"9bfdd29\" data-element_type=\"column\" data-e-type=\"column\">\n\t\t\t<div class=\"elementor-widget-wrap elementor-element-populated\">\n\t\t\t\t\t\t<div class=\"elementor-element elementor-element-e171dde sc_height_huge sc_fly_static elementor-widget elementor-widget-spacer\" data-id=\"e171dde\" data-element_type=\"widget\" data-e-type=\"widget\" data-widget_type=\"spacer.default\">\n\t\t\t\t<div class=\"elementor-widget-container\">\n\t\t\t\t\t\t\t<div class=\"elementor-spacer\">\n\t\t\t<div class=\"elementor-spacer-inner\"><\/div>\n\t\t<\/div>\n\t\t\t\t\t\t<\/div>\n\t\t\t\t<\/div>\n\t\t\t\t\t<\/div>\n\t\t<\/div>\n\t\t\t\t\t<\/div>\n\t\t<\/section>\n\t\t\t\t<\/div>\n\t\t","protected":false},"excerpt":{"rendered":"<p>INSCR\u00cdBETE Si est\u00e1s interesado en ser paciente de la Sana Sana Clinic , rellena el siguiente formulario para indicar tu disponibilidad para un Meet and Greet virtual de 15 minutos&hellip;<\/p>\n","protected":false},"author":1,"featured_media":0,"parent":0,"menu_order":0,"comment_status":"closed","ping_status":"closed","template":"","meta":{"footnotes":""},"class_list":["post-59945","page","type-page","status-publish","hentry"],"_links":{"self":[{"href":"https:\/\/www.sanasanaclinic.com\/es\/wp-json\/wp\/v2\/pages\/59945","targetHints":{"allow":["GET"]}}],"collection":[{"href":"https:\/\/www.sanasanaclinic.com\/es\/wp-json\/wp\/v2\/pages"}],"about":[{"href":"https:\/\/www.sanasanaclinic.com\/es\/wp-json\/wp\/v2\/types\/page"}],"author":[{"embeddable":true,"href":"https:\/\/www.sanasanaclinic.com\/es\/wp-json\/wp\/v2\/users\/1"}],"replies":[{"embeddable":true,"href":"https:\/\/www.sanasanaclinic.com\/es\/wp-json\/wp\/v2\/comments?post=59945"}],"version-history":[{"count":4,"href":"https:\/\/www.sanasanaclinic.com\/es\/wp-json\/wp\/v2\/pages\/59945\/revisions"}],"predecessor-version":[{"id":59951,"href":"https:\/\/www.sanasanaclinic.com\/es\/wp-json\/wp\/v2\/pages\/59945\/revisions\/59951"}],"wp:attachment":[{"href":"https:\/\/www.sanasanaclinic.com\/es\/wp-json\/wp\/v2\/media?parent=59945"}],"curies":[{"name":"wp","href":"https:\/\/api.w.org\/{rel}","templated":true}]}}